{"id":3296,"date":"2021-11-26T10:06:21","date_gmt":"2021-11-26T09:06:21","guid":{"rendered":"https:\/\/beta.serbski-institut.de\/newsletter\/"},"modified":"2026-02-25T13:17:11","modified_gmt":"2026-02-25T12:17:11","slug":"newsletter","status":"publish","type":"page","link":"https:\/\/www.serbski-institut.de\/os\/newsletter\/","title":{"rendered":"Wokolnik"},"content":{"rendered":"<h3>Aktualne wuda\u0107e<\/h3>\n<div class=\"alert alert-warning\">\n<p><strong>Hnydom online \u010dita\u0107<\/strong> &#8211; aktualne <strong><a href=\"https:\/\/www.serbski-institut.de\/?mailpoet_router&amp;endpoint=view_in_browser&amp;action=view&amp;data=Wzc1LCJlYmJlYjc3M2MwOTciLDAsMCwwLDFd\" target=\"_blank\" rel=\"noopener\">wuda\u0107e 1\/2026 wot 25.2.2026<\/a><\/strong><\/p>\n<p>Z na\u0161im Wokolnikom d\u00f3stanje\u0107e nowostki ze Serbskeho instituta direktnje z mejlku. Za to wupjel\u0144\u0107e pro\u0161u p\u0159izjewjenski formular (na tutej stronje dale deleka).<\/p>\n<\/div>\n<p>L\u011btu\u0161i jubilej \u201c<strong>75 l\u011bt sorabistiske sl\u011bd\u017aenje<\/strong>\u201d w Budy\u0161inje je \u0107e\u017ei\u0161\u0107o aktualneho Wokolnika. Nimo toho informuje nowy Wokolnik po zwu\u010denym wa\u0161nju wo <strong>nowinkach<\/strong> ze sl\u011bd\u017aenja, <strong>nowych publikacijach<\/strong> a p\u0159ichodnych <strong>zarjadowanjach<\/strong> Serbskeho instituta. P\u0159eds\u0142owo (delnjoserbske):<\/p>\n<blockquote><p><em>Ces\u0107one cytarki a cytarje,<\/em><\/p>\n<p><em>sl\u011b\u017aa\u0155ska \u017a\u011b\u0142abnos\u0107, k\u00f3tara\u017e trajo njep\u015bestawajucy 75 l\u011bt \u2013 taka institucionelna kontinuita jo wjelgin k p\u00f3\u017aiwanju we konteks\u0107e ma\u0142kego luda resp. narodneje mje\u0144\u0161yny. W\u00f3t l\u011bta 1992 a\u017e do \u017ainsaj\u0161nego we Serbskem institu\u015be, a ju\u017eo pjerwjej w\u00f3t 1951 we Institu\u015be za serbski ludospyt, jo se nagroma\u017ai\u0142o, na\u017a\u011b\u0142a\u0142o a w\u00f3zjawi\u0142o bejnje wjele w\u011b\u017aenja w\u00f3 serbskej r\u011bcy, historiji a kulturje \u2013 z casom we p\u015bem\u011bnjonej formje a zasej a zasej z nowymi \u015b\u011b\u017ey\u0161\u0107ami a nowym g\u00f3dnos\u0107enim. Dalejdawanje a roz\u0161yrjanje togo w\u011b\u017aenja bu\u017ao se we jubilejnem l\u011b\u015be hy\u0161\u0107i intensiw\u011browa\u015b \u2013 p\u015bez nowy r\u011bd p\u015bednoskow, ako bitujomy zjawnos\u0107i, p\u015bez natwa\u0155 digitalnego archiwa na\u0161ogo fachowego casopisa L\u011btopis ka\u017e teke p\u015bez r\u011bd nastawkow we casopisu Rozhlad. Teke Mjazynarodny l\u011b\u015bojski kurs serbskeje r\u011bcy a kultury w\u00f3tm\u011bjo se l\u011btosa zasej. Ga stakim gl\u011bdamy ze spokojnos\u0107u sl\u011bdk na ten minjony cas a tejerownos\u0107i z dobreju na\u017aeju na p\u015biduce 75 l\u011bt!<\/em><\/p>\n<p><em><span style=\"color: #000000\">prof. dr. <a href=\"https:\/\/www.serbski-institut.de\/mitarbeiter\/hauke-bartels\/\">Hauke Bartels<\/a>\u00a0<\/span><\/em><br \/>\n<em>direktor instituta<\/em><\/p><\/blockquote>\n<h2>P\u0159izjewjenje<\/h2>\n  \n  \n  <div class=\"\n    mailpoet_form_popup_overlay\n      \"><\/div>\n  <div\n    id=\"mailpoet_form_5\"\n    class=\"\n      mailpoet_form\n      mailpoet_form_shortcode\n      mailpoet_form_position_\n      mailpoet_form_animation_\n    \"\n      >\n\n    <style type=\"text\/css\">\n     #mailpoet_form_5 .mailpoet_form {  }\n#mailpoet_form_5 form { margin-bottom: 0; }\n#mailpoet_form_5 p.mailpoet_form_paragraph.last { margin-bottom: 10px; }\n#mailpoet_form_5 .mailpoet_column_with_background { padding: 10px; }\n#mailpoet_form_5 .mailpoet_form_column:not(:first-child) { margin-left: 20px; }\n#mailpoet_form_5 .mailpoet_paragraph { line-height: 20px; margin-bottom: 20px; }\n#mailpoet_form_5 .mailpoet_segment_label, #mailpoet_form_5 .mailpoet_text_label, #mailpoet_form_5 .mailpoet_textarea_label, #mailpoet_form_5 .mailpoet_select_label, #mailpoet_form_5 .mailpoet_radio_label, #mailpoet_form_5 .mailpoet_checkbox_label, #mailpoet_form_5 .mailpoet_list_label, #mailpoet_form_5 .mailpoet_date_label { display: block; font-weight: normal; }\n#mailpoet_form_5 .mailpoet_text, #mailpoet_form_5 .mailpoet_textarea, #mailpoet_form_5 .mailpoet_select, #mailpoet_form_5 .mailpoet_date_month, #mailpoet_form_5 .mailpoet_date_day, #mailpoet_form_5 .mailpoet_date_year, #mailpoet_form_5 .mailpoet_date { display: block; }\n#mailpoet_form_5 .mailpoet_text, #mailpoet_form_5 .mailpoet_textarea { width: 200px; }\n#mailpoet_form_5 .mailpoet_checkbox {  }\n#mailpoet_form_5 .mailpoet_submit {  }\n#mailpoet_form_5 .mailpoet_divider {  }\n#mailpoet_form_5 .mailpoet_message {  }\n#mailpoet_form_5 .mailpoet_form_loading { width: 30px; text-align: center; line-height: normal; }\n#mailpoet_form_5 .mailpoet_form_loading > span { width: 5px; height: 5px; background-color: #5b5b5b; }#mailpoet_form_5{border-radius: 2px;text-align: left;}#mailpoet_form_5 form.mailpoet_form {padding: 25px;}#mailpoet_form_5{width: 100%;}#mailpoet_form_5 .mailpoet_message {margin: 0; padding: 0 20px;}\n        #mailpoet_form_5 .mailpoet_validate_success {color: #006ab2}\n        #mailpoet_form_5 input.parsley-success {color: #006ab2}\n        #mailpoet_form_5 select.parsley-success {color: #006ab2}\n        #mailpoet_form_5 textarea.parsley-success {color: #006ab2}\n      \n        #mailpoet_form_5 .mailpoet_validate_error {color: #cf2e2e}\n        #mailpoet_form_5 input.parsley-error {color: #cf2e2e}\n        #mailpoet_form_5 select.parsley-error {color: #cf2e2e}\n        #mailpoet_form_5 textarea.textarea.parsley-error {color: #cf2e2e}\n        #mailpoet_form_5 .parsley-errors-list {color: #cf2e2e}\n        #mailpoet_form_5 .parsley-required {color: #cf2e2e}\n        #mailpoet_form_5 .parsley-custom-error-message {color: #cf2e2e}\n      #mailpoet_form_5 .mailpoet_paragraph.last {margin-bottom: 0} @media (max-width: 500px) {#mailpoet_form_5 {background-image: none;}} @media (min-width: 500px) {#mailpoet_form_5 .last .mailpoet_paragraph:last-child {margin-bottom: 0}}  @media (max-width: 500px) {#mailpoet_form_5 .mailpoet_form_column:last-child .mailpoet_paragraph:last-child {margin-bottom: 0}} \n    <\/style>\n\n    <form\n      target=\"_self\"\n      method=\"post\"\n      action=\"https:\/\/www.serbski-institut.de\/wp-admin\/admin-post.php?action=mailpoet_subscription_form\"\n      class=\"mailpoet_form mailpoet_form_form mailpoet_form_shortcode\"\n      novalidate\n      data-delay=\"\"\n      data-exit-intent-enabled=\"\"\n      data-font-family=\"\"\n      data-cookie-expiration-time=\"\"\n    >\n      <input type=\"hidden\" name=\"data[form_id]\" value=\"5\" \/>\n      <input type=\"hidden\" name=\"token\" value=\"d33d7deb51\" \/>\n      <input type=\"hidden\" name=\"api_version\" value=\"v1\" \/>\n      <input type=\"hidden\" name=\"endpoint\" value=\"subscribers\" \/>\n      <input type=\"hidden\" name=\"mailpoet_method\" value=\"subscribe\" \/>\n\n      <label class=\"mailpoet_hp_email_label\" style=\"display: none !important;\">Bitte dieses Feld leer lassen<input type=\"email\" name=\"data[email]\"\/><\/label><div class='mailpoet_form_columns_container'><div class=\"mailpoet_form_columns mailpoet_paragraph mailpoet_stack_on_mobile\"><div class=\"mailpoet_form_column\" style=\"flex-basis:100%;\"><\/div>\n<\/div><\/div>\n<p class=\"mailpoet_form_paragraph \" style=\"text-align: left\"><\/p>\n<div class='mailpoet_form_columns_container'><div class=\"mailpoet_form_columns mailpoet_paragraph mailpoet_stack_on_mobile\"><div class=\"mailpoet_form_column\" style=\"flex-basis:50%;\"><div class=\"mailpoet_paragraph \"><select\n      class=\"mailpoet_select\"\n      name=\"data[cf_5]\" style=\"padding:16px;margin: 0 auto 0 0;\"><option value=\"\" disabled selected hidden>nar\u011b\u0107<\/option><option value=\"---\" selected=\"selected\">---<\/option><option value=\"knjeni\">knjeni<\/option><option value=\"knje\u017ena\">knje\u017ena<\/option><option value=\"knjez\">knjez<\/option><\/select><span class=\"mailpoet_error_sdiro\"><\/span><\/div>\n<\/div>\n<div class=\"mailpoet_form_column\" style=\"flex-basis:50%;\"><\/div>\n<\/div><\/div>\n<div class='mailpoet_form_columns_container'><div class=\"mailpoet_form_columns mailpoet_paragraph mailpoet_stack_on_mobile\"><div class=\"mailpoet_form_column\" style=\"flex-basis:50%;\"><div class=\"mailpoet_paragraph \"><input type=\"text\" autocomplete=\"given-name\" class=\"mailpoet_text\" id=\"form_first_name_5\" name=\"data[form_field_Zjk0NzU4OGNmMDkxX2ZpcnN0X25hbWU=]\" title=\"p\u0159edmjeno\" value=\"\" style=\"width:100%;box-sizing:border-box;padding:16px;margin: 0 auto 0 0;font-family:&#039;Montserrat&#039;;font-size:16px;line-height:1.5;height:auto;\" data-automation-id=\"form_first_name\"  placeholder=\"p\u0159edmjeno\" aria-label=\"p\u0159edmjeno\" data-parsley-errors-container=\".mailpoet_error_17hzk\" data-parsley-names='[&quot;Bitte geben Sie einen g\u00fcltigen Namen an.&quot;,&quot;Adressen in Namen sind nicht erlaubt, bitte f\u00fcgen Sie stattdessen Ihren Namen hinzu.&quot;]'\/><span class=\"mailpoet_error_17hzk\"><\/span><\/div>\n<\/div>\n<div class=\"mailpoet_form_column\" style=\"flex-basis:50%;\"><div class=\"mailpoet_paragraph \"><input type=\"text\" autocomplete=\"family-name\" class=\"mailpoet_text\" id=\"form_last_name_5\" name=\"data[form_field_MWU2ZWY4ODY5NTlhX2xhc3RfbmFtZQ==]\" title=\"mjeno\" value=\"\" style=\"width:100%;box-sizing:border-box;padding:16px;margin: 0 auto 0 0;font-family:&#039;Montserrat&#039;;font-size:16px;line-height:1.5;height:auto;\" data-automation-id=\"form_last_name\"  placeholder=\"mjeno\" aria-label=\"mjeno\" data-parsley-errors-container=\".mailpoet_error_o1dzu\" data-parsley-names='[&quot;Bitte geben Sie einen g\u00fcltigen Namen an.&quot;,&quot;Adressen in Namen sind nicht erlaubt, bitte f\u00fcgen Sie stattdessen Ihren Namen hinzu.&quot;]'\/><span class=\"mailpoet_error_o1dzu\"><\/span><\/div>\n<\/div>\n<\/div><\/div>\n<div class=\"mailpoet_paragraph \"><input type=\"email\" autocomplete=\"email\" class=\"mailpoet_text\" id=\"form_email_5\" name=\"data[form_field_NTcwYmQ2M2NjODk4X2VtYWls]\" title=\"e-mailka\" value=\"\" style=\"width:100%;box-sizing:border-box;background-color:#ffffff;border-style:solid;border-radius:0px !important;border-width:1px;border-color:#313131;padding:16px;margin: 0 auto 0 0;font-family:&#039;Montserrat&#039;;font-size:16px;line-height:1.5;height:auto;\" data-automation-id=\"form_email\"  placeholder=\"e-mailka *\" aria-label=\"e-mailka *\" data-parsley-errors-container=\".mailpoet_error_vnbm6\" data-parsley-required=\"true\" required aria-required=\"true\" data-parsley-minlength=\"6\" data-parsley-maxlength=\"150\" data-parsley-type-message=\"This value should be a valid email.\" data-parsley-required-message=\"Dieses Feld wird ben\u00f6tigt.\"\/><span class=\"mailpoet_error_vnbm6\"><\/span><\/div>\n<p class=\"mailpoet_form_paragraph \" style=\"text-align: left\">Pro\u0161u wuzwol\u0107e sej r\u011b\u010d Wokolnika!<\/p>\n<div class='mailpoet_form_columns_container'><div class=\"mailpoet_form_columns mailpoet_paragraph mailpoet_stack_on_mobile\"><div class=\"mailpoet_form_column\"><div class=\"mailpoet_paragraph \"><select\n      class=\"mailpoet_select\"\n      name=\"data[cf_2]\" style=\"padding:16px;margin: 0 auto 0 0;\"><option value=\"\" disabled selected hidden>r\u011b\u010d wuzwoli\u0107: *<\/option><option value=\"n\u011bmsce\">n\u011bmsce<\/option><option value=\"serbsce\">serbsce<\/option><\/select><span class=\"mailpoet_error_ts4rl\"><\/span><\/div>\n<\/div>\n<div class=\"mailpoet_form_column\"><\/div>\n<\/div><\/div>\n<div class=\"mailpoet_paragraph check_form\"><fieldset><input type=\"hidden\" value=\"1\"  name=\"data[cf_6]\" \/><label class=\"mailpoet_checkbox_label\" for=\"mailpoet_checkbox_1\" style=\"font-size: 16px;line-height: 1.2;\"><input type=\"checkbox\" class=\"mailpoet_checkbox\" id=\"mailpoet_checkbox_1\" name=\"data[cf_6]\" value=\"1\" data-parsley-errors-container=\".mailpoet_error_1dpog\" data-parsley-required=\"true\" required aria-required=\"true\" data-parsley-required-message=\"Dieses Feld wird ben\u00f6tigt.\" data-parsley-group=\"custom_field_6\" \/> Z mojim p\u0159izjewjenjom k personalizowanym wokolnikej p\u0159izwolu, zo so z mojich poda\u0107ow wu\u017eiwarski profil zestaji. W\u00f3n je tr\u011bbny, zo bychu so poskitki a informacije l\u011bpje na moje wosobinske zajimy wusm\u011bri\u0107 m\u00f3hli. P\u0159izwolenje m\u00f3\u017eu p\u0159eco wotwo\u0142a\u0107, na p\u0159ik\u0142ad tule abo pod linkom a k\u00f3ncu k\u00f3\u017edeho wokolnika. Wotzjewjenje wjed\u017ae k hasnjenju zb\u011branych <a href=\"https:\/\/www.serbski-institut.de\/datenschutz\/\" target=\"_blank\">wu\u017eiwarskich datow<\/a>.<\/label><\/fieldset><span class=\"mailpoet_error_1dpog\"><\/span><\/div>\n<div class='mailpoet_form_columns_container'><div class=\"mailpoet_form_columns mailpoet_paragraph mailpoet_stack_on_mobile\"><div class=\"mailpoet_form_column\"><div class=\"mailpoet_paragraph \"><input type=\"submit\" class=\"mailpoet_submit\" value=\"wotp\u00f3s\u0142a\u0107\" data-automation-id=\"subscribe-submit-button\" data-font-family='Montserrat' style=\"width:100%;box-sizing:border-box;background-color:#006ab2;border-style:solid;border-radius:2px !important;border-width:0px;border-color:#313131;padding:15px;margin: 0 auto 0 0;font-family:&#039;Montserrat&#039;;font-size:20px;line-height:1.5;height:auto;color:#ffffff;font-weight:bold;\" \/><span class=\"mailpoet_form_loading\"><span class=\"mailpoet_bounce1\"><\/span><span class=\"mailpoet_bounce2\"><\/span><span class=\"mailpoet_bounce3\"><\/span><\/span><\/div>\n<\/div>\n<div class=\"mailpoet_form_column\"><\/div>\n<\/div><\/div>\n<p class=\"mailpoet_form_paragraph  mailpoet-has-font-size\" style=\"text-align: left; font-size: 13px\"><\/p>\n<div class=\"mailpoet_paragraph \" style=\"font-size: 16px;line-height: 1.2;\">(* obligatoriske poda\u0107e)<\/div>\n\n      <div class=\"mailpoet_message\">\n        <p class=\"mailpoet_validate_success\"\n                style=\"display:none;\"\n                >Pro\u0161u p\u0159epruwuj\u0107e sw\u00f3j p\u00f3\u0161towy ka\u0161\u0107ik abo spam-rjadowak, zo by\u0161\u0107e abonement wopodstatnili.\n        <\/p>\n        <p class=\"mailpoet_validate_error\"\n                style=\"display:none;\"\n                >        <\/p>\n      <\/div>\n    <\/form>\n\n      <\/div>\n\n  \n<h3>Archiw Wokolnikow<\/h3>\n<p><a href=\"https:\/\/www.serbski-institut.de\/?mailpoet_router&amp;endpoint=view_in_browser&amp;action=view&amp;data=WzcxLCIwZWQxOGFmNjVlYzAiLDAsMCwzMCwxXQ\" target=\"_blank\" rel=\"noopener\">wuda\u0107e 2\/2025 wot 24.11.2025<\/a><br \/>\n<a href=\"https:\/\/www.serbski-institut.de\/?mailpoet_router&amp;endpoint=view_in_browser&amp;action=view&amp;data=WzY4LCI1MmRjZTlkN2MwNTEiLDAsMCwwLDFd\" target=\"_blank\" rel=\"noopener\">wuda\u0107e 1\/2025 wot 10.7.2025<\/a><br \/>\n<a href=\"https:\/\/www.serbski-institut.de\/?mailpoet_router&amp;endpoint=view_in_browser&amp;action=view&amp;data=WzYxLCJiOWVkMWQ0ZDQ2NGUiLDAsMCwyMiwxXQ\" target=\"_blank\" rel=\"noopener\">wuda\u0107e 2\/2024 wot 3.7.2024<\/a><br \/>\n<a href=\"https:\/\/www.serbski-institut.de\/?mailpoet_router&amp;endpoint=view_in_browser&amp;action=view&amp;data=WzU2LCJlODA0OTZlNDlhZTkiLDAsMCwwLDFd\" target=\"_blank\" rel=\"noopener\">wuda\u0107e 1\/2024 wot 27.03.2024<\/a><br \/>\n<a href=\"https:\/\/www.serbski-institut.de\/?mailpoet_router&amp;endpoint=view_in_browser&amp;action=view&amp;data=WzUxLCI0ODc3YTM5YzNlNGMiLDAsMCwwLDFd\" target=\"_blank\" rel=\"noopener\">wuda\u0107e 2\/2023 wot 18.12.2023<\/a><br \/>\n<a href=\"https:\/\/www.serbski-institut.de\/?mailpoet_router&amp;endpoint=view_in_browser&amp;action=view&amp;data=WzMzLCI2Y2NmYjRhMTIxMDUiLDAsMCwxNSwxXQ\" target=\"_blank\" rel=\"noopener\">wuda\u0107e 1\/2023 wot 6.4.2023<\/a><br \/>\n<a href=\"https:\/\/www.serbski-institut.de\/?mailpoet_router&amp;endpoint=view_in_browser&amp;action=view&amp;data=WzMwLCI3M2UxZTlkN2JlMDUiLDAsMCwwLDFd\" target=\"_blank\" rel=\"noopener\">wuda\u0107e 2\/2022 wot 21.12.2022<\/a><br \/>\n<a href=\"https:\/\/www.serbski-institut.de\/?mailpoet_router&amp;endpoint=view_in_browser&amp;action=view&amp;data=WzI1LCIzMzg2MGQ4NDNhNGYiLDAsMCwwLDFd\" target=\"_blank\" rel=\"noopener\">wuda\u0107e 1\/2022 wot 22.09.2022<\/a><br \/>\n<a href=\"https:\/\/www.serbski-institut.de\/wp-content\/uploads\/2022\/03\/wokolnik_02_2021.pdf\" target=\"_blank\" rel=\"noopener\">wuda\u0107e 2\/2021 wot 21.12.2021<\/a><br \/>\n<a href=\"https:\/\/www.serbski-institut.de\/wp-content\/uploads\/2022\/03\/wokolnik_01_2021.pdf\" target=\"_blank\" rel=\"noopener\">wuda\u0107e 1\/2021 wot 07.09.2021<\/a><br \/>\n<a href=\"https:\/\/www.serbski-institut.de\/wp-content\/uploads\/2022\/03\/wokolnik_02_2020.pdf\" target=\"_blank\" rel=\"noopener\">wuda\u0107e 2\/2020 wot 18.12.2020<\/a><br \/>\n<a href=\"https:\/\/www.serbski-institut.de\/wp-content\/uploads\/2022\/03\/wokolnik_01_2020.pdf\" target=\"_blank\" rel=\"noopener\">wuda\u0107e 1\/2020 wot 03.07.2020<\/a><br \/>\n<a href=\"https:\/\/www.serbski-institut.de\/wp-content\/uploads\/2022\/03\/wokolnik_03_2019.pdf\" target=\"_blank\" rel=\"noopener\">wuda\u0107e 3\/2019 wot 17.12.2019<\/a><br \/>\n<a href=\"https:\/\/www.serbski-institut.de\/wp-content\/uploads\/2022\/03\/wokolnik_02_2019.pdf\" target=\"_blank\" rel=\"noopener\">wuda\u0107e 2\/2019 wot 04.09.2019<\/a><br \/>\n<a href=\"https:\/\/www.serbski-institut.de\/wp-content\/uploads\/2022\/03\/wokolnik_01_2019.pdf\" target=\"_blank\" rel=\"noopener\">wuda\u0107e 1\/2019 wot 17.04.2019<\/a><br \/>\n<a href=\"https:\/\/www.serbski-institut.de\/wp-content\/uploads\/2022\/03\/wokolnik_01_2018.pdf\" target=\"_blank\" rel=\"noopener\">wuda\u0107e 1\/2018 wot 18.12.2018<\/a><\/p>\n","protected":false},"excerpt":{"rendered":"<p>Aktualne wuda\u0107e Hnydom online \u010dita\u0107 &#8211; aktualne wuda\u0107e 1\/2026 wot 25.2.2026 Z na\u0161im Wokolnikom d\u00f3stanje\u0107e nowostki ze Serbskeho instituta direktnje z mejlku. Za to wupjel\u0144\u0107e pro\u0161u p\u0159izjewjenski formular (na tutej stronje dale deleka). L\u011btu\u0161i jubilej \u201c75 l\u011bt sorabistiske sl\u011bd\u017aenje\u201d w Budy\u0161inje je \u0107e\u017ei\u0161\u0107o aktualneho Wokolnika. Nimo toho informuje nowy Wokolnik po zwu\u010denym wa\u0161nju wo nowinkach [&hellip;]<\/p>\n","protected":false},"author":32,"featured_media":0,"parent":0,"menu_order":97,"comment_status":"closed","ping_status":"closed","template":"","meta":{"_acf_changed":false,"footnotes":""},"class_list":["post-3296","page","type-page","status-publish","hentry"],"acf":[],"_links":{"self":[{"href":"https:\/\/www.serbski-institut.de\/os\/wp-json\/wp\/v2\/pages\/3296","targetHints":{"allow":["GET"]}}],"collection":[{"href":"https:\/\/www.serbski-institut.de\/os\/wp-json\/wp\/v2\/pages"}],"about":[{"href":"https:\/\/www.serbski-institut.de\/os\/wp-json\/wp\/v2\/types\/page"}],"author":[{"embeddable":true,"href":"https:\/\/www.serbski-institut.de\/os\/wp-json\/wp\/v2\/users\/32"}],"replies":[{"embeddable":true,"href":"https:\/\/www.serbski-institut.de\/os\/wp-json\/wp\/v2\/comments?post=3296"}],"version-history":[{"count":3,"href":"https:\/\/www.serbski-institut.de\/os\/wp-json\/wp\/v2\/pages\/3296\/revisions"}],"predecessor-version":[{"id":251948,"href":"https:\/\/www.serbski-institut.de\/os\/wp-json\/wp\/v2\/pages\/3296\/revisions\/251948"}],"wp:attachment":[{"href":"https:\/\/www.serbski-institut.de\/os\/wp-json\/wp\/v2\/media?parent=3296"}],"curies":[{"name":"wp","href":"https:\/\/api.w.org\/{rel}","templated":true}]}}