{"id":3313,"date":"2021-11-26T10:17:14","date_gmt":"2021-11-26T09:17:14","guid":{"rendered":"https:\/\/beta.serbski-institut.de\/skit-datow\/"},"modified":"2026-01-14T10:37:13","modified_gmt":"2026-01-14T09:37:13","slug":"skit-datow","status":"publish","type":"page","link":"https:\/\/www.serbski-institut.de\/os\/skit-datow\/","title":{"rendered":"\u0160kit datow"},"content":{"rendered":"<p>hlej <a href=\"https:\/\/www.serbski-institut.de\/datenschutz\/\">n\u011bmskor\u011b\u010dna wersija<\/a><\/p>\n","protected":false},"excerpt":{"rendered":"<p>hlej n\u011bmskor\u011b\u010dna wersija<\/p>\n","protected":false},"author":32,"featured_media":0,"parent":0,"menu_order":102,"comment_status":"closed","ping_status":"closed","template":"","meta":{"_acf_changed":false,"footnotes":""},"class_list":["post-3313","page","type-page","status-publish","hentry"],"acf":[],"_links":{"self":[{"href":"https:\/\/www.serbski-institut.de\/os\/wp-json\/wp\/v2\/pages\/3313","targetHints":{"allow":["GET"]}}],"collection":[{"href":"https:\/\/www.serbski-institut.de\/os\/wp-json\/wp\/v2\/pages"}],"about":[{"href":"https:\/\/www.serbski-institut.de\/os\/wp-json\/wp\/v2\/types\/page"}],"author":[{"embeddable":true,"href":"https:\/\/www.serbski-institut.de\/os\/wp-json\/wp\/v2\/users\/32"}],"replies":[{"embeddable":true,"href":"https:\/\/www.serbski-institut.de\/os\/wp-json\/wp\/v2\/comments?post=3313"}],"version-history":[{"count":3,"href":"https:\/\/www.serbski-institut.de\/os\/wp-json\/wp\/v2\/pages\/3313\/revisions"}],"predecessor-version":[{"id":251539,"href":"https:\/\/www.serbski-institut.de\/os\/wp-json\/wp\/v2\/pages\/3313\/revisions\/251539"}],"wp:attachment":[{"href":"https:\/\/www.serbski-institut.de\/os\/wp-json\/wp\/v2\/media?parent=3313"}],"curies":[{"name":"wp","href":"https:\/\/api.w.org\/{rel}","templated":true}]}}