{"id":4414,"date":"2021-12-07T14:48:29","date_gmt":"2021-12-07T13:48:29","guid":{"rendered":"https:\/\/beta.serbski-institut.de\/poskitki\/letni-kurs\/"},"modified":"2025-11-06T12:16:56","modified_gmt":"2025-11-06T11:16:56","slug":"letni-kurs","status":"publish","type":"page","link":"https:\/\/www.serbski-institut.de\/os\/serbski-institut\/poskitki\/letni-kurs\/","title":{"rendered":"Mjezynarodny l\u011btni kurs za serbsku r\u011b\u010d a kulturu"},"content":{"rendered":"<p>Mjezynarodny l\u011btni kurs za serbsku r\u011b\u010d a kulturu m\u011bri so na student(k)ow, docent(k)ow a profesor(k)ow slawistiki, ka\u017e te\u017e za posr\u011bdnikow, p\u0159e\u0142o\u017eowarjow, wum\u011b\u0142cow a dal\u0161ich zajimcow. Poski\u0107a so hornjoserbske r\u011b\u010dne zwu\u010dowanja za zapo\u010datkarjow a pokro\u010denych, p\u0159edno\u0161ki k serbskej r\u011b\u010di, literaturje, stawiznam a kulturje ka\u017e te\u017e zetkawanje ze serbskej kulturu a jeje wum\u011b\u0142cami.<\/p>\n<p>L\u011btne kursy posr\u011bdkuja we formje t\u0159ityd\u017aenskeho intensiwneho kursa zak\u0142ady k samostatnemu nawuknjenju serbskeje r\u011b\u010de resp. s\u0142u\u017ea k wudospo\u0142njenju awtodidaktisce p\u0159iswojenych znajomos\u0107ow a jich na\u0142o\u017eowanju na m\u011bstnje. Dale chce kurs bud\u017ai\u0107 zajim za serbsku r\u011b\u010d a kulturu, zo by so w centrach slawistiskeho sl\u011bd\u017aenja a kub\u0142anja te\u017e sorabistice ked\u017abnos\u0107 w\u011bnowa\u0142a a chce dobywa\u0107 multiplikatorow, ki\u017e wo serbskim \u017eiwjenju a narodnostnej politice w N\u011bmskej we wukraju rozprawjeja.<\/p>\n<p>Na dotalnych l\u011b\u0107nych ferialnych kursach wobd\u017a\u011bli so wjace ha\u010d 500 profesorow, docentow, studentow, \u017eurnalistow a p\u0159e\u0142o\u017eowarjow z 30 krajow a nimale w\u0161\u011bch kontinentow sw\u011bta. Wid\u017aomne wusl\u011bdki tutych kursow su mnohe disertacije a magisterske d\u017a\u011b\u0142a k serbskej r\u011b\u010di, kub\u0142anskej politice, stawiznam tak ka\u017e p\u0159e\u0142o\u017eki a wozjewjenja serbskeje literatury we wukraju ha\u010d k zajimawym publikacijam kursantow.<\/p>\n<p>Wot kursantow zb\u011bra so stopnjowacy pop\u0142atk za wobd\u017a\u011blenje. Wysokos\u0107 pop\u0142atka orientuje so na wudawkach za zastaranje a p\u0159enocowanje. P\u0159i tym wobked\u017abuja so te\u017e socialne aspekty powabjacych (studen\u0107a, p\u0159istajeni w\u011bdomostnicy) ka\u017e te\u017e wum\u011bnjenja w krajach z kotrych\u017e pochad\u017aeja.<\/p>\n<p>Informacije k aktualnym l\u011btnim kursam namaka\u0107e stajnje po\u0142 l\u011bta do starta kursa w na\u0161ej <a href=\"https:\/\/www.serbski-institut.de\/os\/aktualne\/zarjadowanja\/\">lis\u0107inje zarjadowanjow<\/a>.<\/p>\n<p><strong>Kontakt:<\/strong><\/p>\n<div class=\"templ_tr\">\n<div class=\"templ_td_templ\">\n<p>Z pra\u0161enjemi wobro\u0107\u0107e so pro\u0161u na dr. <a title=\"Verlinkte E-Mail Dr. Fabian Kaulf\u00fcrst\" href=\"https:\/\/www.serbski-institut.de\/mitarbeiter\/dr-fabian-kaulfuerst\/\">Fabiana Kaulf\u00fcrsta<\/a>.<\/p>\n<\/div>\n<\/div>\n<p>Zajimcy za delnjoserb\u0161\u0107inu namakaja na stronkach <a href=\"https:\/\/www.sorbische-wendische-sprachschule.de\/\" target=\"_blank\" rel=\"noopener\">\u0160ule za dolnoserbsku r\u011bc a kulturu<\/a> informacije k aktualnym kursam.<\/p>\n<h2>Dotalne l\u011b\u0107ne kursy<\/h2>\n<p>L\u011b\u0107ne kursy za serbsku r\u011b\u010d a kulturu w Budy\u0161inje zarjaduja so wot 1967 zwjet\u0161a w dwul\u011btnym rytmusu \u2013 w 1960-80tych l\u011btach p\u0159ez Lips\u010dansku uniwersitu, wot 1992 wot Serbskeho instituta w Budy\u0161inje. Z organizatoriskich a kapacitnych p\u0159i\u010din m\u00f3\u017eachu so na ferialnych kursach do 1994 stajnje 25-30 zajimcow wobd\u017a\u011bli\u0107, po san\u011browanju internata Serbskeho gymnazija zm\u00f3\u017enichmy 50 powabjacym wobd\u017a\u011blenje na kursu. Li\u010dba p\u0159izjewjenjow wu\u010dinje\u0161e s\u010dasami ha\u010d do 100 zajimcow.<\/p>\n<ul>\n<li><a href=\"https:\/\/www.serbski-institut.de\/sommerkurs-2024\/\">Mjezynarodny l\u011btni kurs serbskeje r\u011b\u010de a kultury 2024<\/a> &#8211; wot 12. ha\u010d do 27.7. wBudy\u0161inje z 34 wobd\u017a\u011blnikami z 9 krajow. &#8211; <a href=\"https:\/\/www.serbski-institut.de\/vorbereitungen-fuer-sommerkurs-2024\/\">nowinska zd\u017a\u011blenka<\/a> (wozjwejena 7.6.)<\/li>\n<li><a href=\"https:\/\/www.serbski-institut.de\/sommerkurs\/\">Mjezynarodny l\u011btni kurs serbskeje r\u011b\u010de a kultury<\/a> &#8211; 2022 (22.7.\u20136.8.) w Budy\u0161inje z 52 wobd\u017a\u011blnikami z 9 krajow. &#8211; <a href=\"https:\/\/www.serbski-institut.de\/start-des-sommersprachkurses\/\">Nowinska zd\u017a\u011blenka z koordinatami, programom a citatami<\/a>(wozjewjena 21.7.), <a href=\"https:\/\/www.serbski-institut.de\/internationaler-sommerkurs-fuer-sorbische-sprache-und-kultur-ein-fazit\/\">P\u0159ino\u0161k z rozprawu wobd\u017a\u011blnicy<\/a> z wobrazowej galeriju (wozjewjeny 1.9.)<\/li>\n<li>W l\u011b\u0107e 2020 planowany l\u011btni kurs dyrbje\u0161e so koronapandemije dla wotpraji\u0107.<\/li>\n<li>L\u011btni kurs za serbsku r\u011b\u010d a kulturu \u2013 2016 (8.\u201323.7.) w Budy\u0161inje<br \/>\n17 wobd\u017a\u011blnikow ze 7 krajow<\/li>\n<li>Serbska l\u011btnja \u0161ula. \u2013 2012 (4.\u201316.8.) w Lipsku (1. tyd\u017ae\u0144) a Budy\u0161inje (2. tyd\u017ae\u0144)<br \/>\n27 wobd\u017a\u011blnikow z 9 krajow<\/li>\n<li>XVIII. L\u011b\u0107ny ferialny kurs za serbsku r\u011b\u010d a kulturu. \u2013 2012 (30.7.\u201317.8.) w Budy\u0161inje<br \/>\n35 wobd\u017a\u011blnikow ze 14 krajow<\/li>\n<li>XVII. L\u011b\u015bojski ferialny kurs za serbsku r\u011bc a kulturu &#8211; 2010 (26.7.-13.8.) w Cho\u0107ebuzu<br \/>\n39 wobd\u017a\u011blnikow z 12 krajow, z wukraja nimo s\u0142owjanskich z Finskeje, Jend\u017aelskeje, \u0160paniskeje a USA<\/li>\n<li>XVI. L\u011b\u0107ny ferialny kurs za serbsku r\u011b\u010d a kulturu. \u2013 2008 (27.7.\u201315.8.)<br \/>\n49 wobd\u017a\u011blnikow z 16 krajow, z wukraja nimo s\u0142owjanskich z Mad\u017aarskeje, Awstriskeje, Finskeje, Japanskeje a USA<\/li>\n<li>XV. L\u011b\u0107ny ferialny kurs za serbsku r\u011b\u010d a kulturu. \u2013 2006 (24.7.-11.8.)<br \/>\n48 wobd\u017a\u011blnikow z 14 krajow, z wukraja nimo s\u0142owjanskich z Mad\u017aarskeje, Ni\u017eozemskeje, Jend\u017aelskeje, Finskeje, USA a Brasilskeje<\/li>\n<li>XIV. L\u011b\u0107ny ferialny kurs za serbsku r\u011b\u010d a kulturu. \u2013 2004 (26.7.-13.8.)<br \/>\n47 wobd\u017a\u011blnikow z 13 krajow, z wukraja nimo s\u0142owjanskich z Francoskeje, Finskeje, Ni\u017eozemskeje, Japanskeje a USA<\/li>\n<li>XIII. L\u011b\u0107ny ferialny kurs za serbsku r\u011b\u010d a kulturu. \u2013 2002 (15.7.-1.8.)<br \/>\n51 wobd\u017a\u011blnikow z 17 krajow, z wukraja nimo s\u0142owjanskich ze \u0160wicy, Francoskeje, Italskeje, Finskeje, Kanady, Taiwana, USA<\/li>\n<li>XII. L\u011b\u0107ny ferialny kurs za serbsku r\u011b\u010d a kulturu. \u2013 2000 (17.7.-4.8.)<br \/>\n55 wobd\u017a\u011blnikow z 17 krajow, z wukraja nimo s\u0142owjanskich z Francoskeje, Jend\u017aelskeje, Islandskeje, Finskeje, Japanskeje, USA<\/li>\n<li>XI. L\u011b\u0107ny ferialny kurs za serbsku r\u011b\u010d a kulturu. \u2013 1998 (27.7.-14.8.)<br \/>\n50 wobd\u017a\u011blnikow z 18 krajow, z wukraja nimo s\u0142owjanskich ze \u0160wicy, Jend\u017aelskeje, Finskeje, Egiptowskeje, Ju\u017eneje Koreje, Japanskeje, USA<\/li>\n<li>X. L\u011b\u0107ny ferialny kurs za serbsku r\u011b\u010d a kulturu. \u2013 1996 (15.7.-2.8.)<br \/>\n46 wobd\u017a\u011blnikow z 16 krajow, z wukraja nimo s\u0142owjanskich ze \u0160wicy, Francoskeje, \u0160wedskeje, Norwegskeje, Jend\u017aelskeje, Ju\u017eneje Koreje, Japanskeje a USA<\/li>\n<li>L\u011b\u0107ny ferialny kurs za serbsku r\u011b\u010d a kulturu. \u2013 1994 (18.7.-5.8.)<br \/>\n36 wobd\u017a\u011blnikow z 8 krajow, z wukraja nimo s\u0142owjanskich z Francoskeje, Japanskeje a USA<\/li>\n<li>L\u011b\u0107ny ferialny kurs za serbsku r\u011b\u010d a kulturu. \u2013 1992 (13.7-31.7.)<br \/>\n22 wobd\u017a\u011blnikow z 8 krajow, z wukraja nimo s\u0142owjanskich z Francoskeje, Japanskeje a USA<\/li>\n<li>VII. Mjezynarodny wysoko\u0161ulski kurs serbsku r\u011b\u010d a kulturu. \u2013 1982 (13.7.-27.7.)<br \/>\n23 wobd\u017a\u011blnikow z 12 krajow, z wukraja nimo s\u0142owjanskich z ZRN, Belgiskeje, Italskeje, \u0160wedskeje, Japanskeje a USA<\/li>\n<li>VI. Mjezynarodny wysoko\u0161ulski kurs serbsku r\u011b\u010d a kulturu. \u2013 1977 (18.7.-30.7.)<br \/>\n37 wobd\u017a\u011blnikow z 9 krajow, z wukraja nimo s\u0142owjanskich z Jend\u017aelskeje, Ni\u017eozemskeje a Italskeje<\/li>\n<li>V. Mjezynarodny wysoko\u0161ulski kurs serbsku r\u011b\u010d a kulturu. \u2013 1975 (14.7.-27.7.)<br \/>\n35 wobd\u017a\u011blnikow z 8 krajow, z wukraja nimo s\u0142owjanskich z ZRN, Awstriskeje, Ni\u017eozemskeje, Italskeje<\/li>\n<li>IV. Mjezynarodny wysoko\u0161ulski kurs za serbsku r\u011b\u010d a kulturu. \u2013 1973 (11.7.-25.7.)<br \/>\n25 wobd\u017a\u011blnikow z 8 krajow, z wukraja nimo s\u0142owjanskich, z Awstriskeje, Jend\u017aelskeje a Japanskeje a USA<\/li>\n<li>III. Mjezynarodny kurs za serbsku r\u011b\u010d a kulturu. \u2013 1971 (12.7.-25.7.)<br \/>\n29 wobd\u017a\u011blnikow z 10 krajow, z wukraja nimo s\u0142owjanskich z Awstriskeje, Francoskeje, Norwegskeje, Jend\u017aelskeje a Japanskeje<\/li>\n<li>II. Mjezynarodny wysoko\u0161ulski kurs za sorabistiku. \u2013 1969 (13.7.-28.7.)<br \/>\n26 wobd\u017a\u011blnikow z 10 krajow, z wukraja nimo s\u0142owjanskich z ZRN, Italskeje, Jend\u017aelskeje a USA<\/li>\n<li>I. Mjezynarodny wysoko\u0161ulski kurs za sorabistiku. \u2013 1967 (16.7.-31.7.)<br \/>\n26 wobd\u017a\u011blnikow z 9 krajow, z wukraja nimo s\u0142owjanskich z ZRN, Awstriskeje, \u0160wedskeje a Francoskeje<\/li>\n<\/ul>\n","protected":false},"excerpt":{"rendered":"<p>Mjezynarodny l\u011btni kurs za serbsku r\u011b\u010d a kulturu m\u011bri so na student(k)ow, docent(k)ow a profesor(k)ow slawistiki, ka\u017e te\u017e za posr\u011bdnikow, p\u0159e\u0142o\u017eowarjow, wum\u011b\u0142cow a dal\u0161ich zajimcow. Poski\u0107a so hornjoserbske r\u011b\u010dne zwu\u010dowanja za zapo\u010datkarjow a pokro\u010denych, p\u0159edno\u0161ki k serbskej r\u011b\u010di, literaturje, stawiznam a kulturje ka\u017e te\u017e zetkawanje ze serbskej kulturu a jeje wum\u011b\u0142cami. L\u011btne kursy posr\u011bdkuja we [&hellip;]<\/p>\n","protected":false},"author":32,"featured_media":8387,"parent":3103,"menu_order":5,"comment_status":"closed","ping_status":"closed","template":"","meta":{"_acf_changed":false,"footnotes":""},"class_list":["post-4414","page","type-page","status-publish","has-post-thumbnail","hentry"],"acf":[],"_links":{"self":[{"href":"https:\/\/www.serbski-institut.de\/os\/wp-json\/wp\/v2\/pages\/4414","targetHints":{"allow":["GET"]}}],"collection":[{"href":"https:\/\/www.serbski-institut.de\/os\/wp-json\/wp\/v2\/pages"}],"about":[{"href":"https:\/\/www.serbski-institut.de\/os\/wp-json\/wp\/v2\/types\/page"}],"author":[{"embeddable":true,"href":"https:\/\/www.serbski-institut.de\/os\/wp-json\/wp\/v2\/users\/32"}],"replies":[{"embeddable":true,"href":"https:\/\/www.serbski-institut.de\/os\/wp-json\/wp\/v2\/comments?post=4414"}],"version-history":[{"count":8,"href":"https:\/\/www.serbski-institut.de\/os\/wp-json\/wp\/v2\/pages\/4414\/revisions"}],"predecessor-version":[{"id":236204,"href":"https:\/\/www.serbski-institut.de\/os\/wp-json\/wp\/v2\/pages\/4414\/revisions\/236204"}],"up":[{"embeddable":true,"href":"https:\/\/www.serbski-institut.de\/os\/wp-json\/wp\/v2\/pages\/3103"}],"wp:featuredmedia":[{"embeddable":true,"href":"https:\/\/www.serbski-institut.de\/os\/wp-json\/wp\/v2\/media\/8387"}],"wp:attachment":[{"href":"https:\/\/www.serbski-institut.de\/os\/wp-json\/wp\/v2\/media?parent=4414"}],"curies":[{"name":"wp","href":"https:\/\/api.w.org\/{rel}","templated":true}]}}