{"id":4419,"date":"2021-12-07T15:58:24","date_gmt":"2021-12-07T14:58:24","guid":{"rendered":"https:\/\/beta.serbski-institut.de\/delnjoserbska-krescanska-literatura-agendy-katechismus-prelozki-biblije-a-dr\/"},"modified":"2022-02-22T13:19:33","modified_gmt":"2022-02-22T12:19:33","slug":"delnjoserbska-krescanska-literatura-agendy-katechismus-prelozki-biblije-a-dr","status":"publish","type":"page","link":"https:\/\/www.serbski-institut.de\/os\/serbska-centralna-biblioteka\/wirtuelna-citarnja\/digitalizaty-rukopisow-z-wobstatkow-ska-na-sachsen-digital\/delnjoserbska-krescanska-literatura-agendy-katechismus-prelozki-biblije-a-dr\/","title":{"rendered":"Delnjoserbska k\u0159es\u0107anska literatura (agendy, katechismus, p\u0159e\u0142o\u017eki biblije a dr.)"},"content":{"rendered":"","protected":false},"excerpt":{"rendered":"","protected":false},"author":32,"featured_media":0,"parent":5899,"menu_order":0,"comment_status":"closed","ping_status":"closed","template":"","meta":{"_acf_changed":false,"footnotes":""},"class_list":["post-4419","page","type-page","status-publish","hentry"],"acf":[],"_links":{"self":[{"href":"https:\/\/www.serbski-institut.de\/os\/wp-json\/wp\/v2\/pages\/4419","targetHints":{"allow":["GET"]}}],"collection":[{"href":"https:\/\/www.serbski-institut.de\/os\/wp-json\/wp\/v2\/pages"}],"about":[{"href":"https:\/\/www.serbski-institut.de\/os\/wp-json\/wp\/v2\/types\/page"}],"author":[{"embeddable":true,"href":"https:\/\/www.serbski-institut.de\/os\/wp-json\/wp\/v2\/users\/32"}],"replies":[{"embeddable":true,"href":"https:\/\/www.serbski-institut.de\/os\/wp-json\/wp\/v2\/comments?post=4419"}],"version-history":[{"count":1,"href":"https:\/\/www.serbski-institut.de\/os\/wp-json\/wp\/v2\/pages\/4419\/revisions"}],"predecessor-version":[{"id":6102,"href":"https:\/\/www.serbski-institut.de\/os\/wp-json\/wp\/v2\/pages\/4419\/revisions\/6102"}],"up":[{"embeddable":true,"href":"https:\/\/www.serbski-institut.de\/os\/wp-json\/wp\/v2\/pages\/5899"}],"wp:attachment":[{"href":"https:\/\/www.serbski-institut.de\/os\/wp-json\/wp\/v2\/media?parent=4419"}],"curies":[{"name":"wp","href":"https:\/\/api.w.org\/{rel}","templated":true}]}}