{"id":4504,"date":"2021-12-08T14:40:10","date_gmt":"2021-12-08T13:40:10","guid":{"rendered":"https:\/\/beta.serbski-institut.de\/ludowedne-a-literariske-zberki-prislowa-spewy-basnje-a-dr\/"},"modified":"2022-02-22T13:25:46","modified_gmt":"2022-02-22T12:25:46","slug":"ludowedne-a-literariske-zberki-prislowa-spewy-basnje-a-dr","status":"publish","type":"page","link":"https:\/\/www.serbski-institut.de\/os\/serbska-centralna-biblioteka\/wirtuelna-citarnja\/digitalizaty-rukopisow-z-wobstatkow-ska-na-sachsen-digital\/ludowedne-a-literariske-zberki-prislowa-spewy-basnje-a-dr\/","title":{"rendered":"Ludow\u011bdne a literariske zb\u011brki (p\u0159is\u0142owa, sp\u011bwy, basnje a dr.)"},"content":{"rendered":"","protected":false},"excerpt":{"rendered":"","protected":false},"author":32,"featured_media":0,"parent":5899,"menu_order":0,"comment_status":"closed","ping_status":"closed","template":"","meta":{"_acf_changed":false,"footnotes":""},"class_list":["post-4504","page","type-page","status-publish","hentry"],"acf":[],"_links":{"self":[{"href":"https:\/\/www.serbski-institut.de\/os\/wp-json\/wp\/v2\/pages\/4504","targetHints":{"allow":["GET"]}}],"collection":[{"href":"https:\/\/www.serbski-institut.de\/os\/wp-json\/wp\/v2\/pages"}],"about":[{"href":"https:\/\/www.serbski-institut.de\/os\/wp-json\/wp\/v2\/types\/page"}],"author":[{"embeddable":true,"href":"https:\/\/www.serbski-institut.de\/os\/wp-json\/wp\/v2\/users\/32"}],"replies":[{"embeddable":true,"href":"https:\/\/www.serbski-institut.de\/os\/wp-json\/wp\/v2\/comments?post=4504"}],"version-history":[{"count":1,"href":"https:\/\/www.serbski-institut.de\/os\/wp-json\/wp\/v2\/pages\/4504\/revisions"}],"predecessor-version":[{"id":6111,"href":"https:\/\/www.serbski-institut.de\/os\/wp-json\/wp\/v2\/pages\/4504\/revisions\/6111"}],"up":[{"embeddable":true,"href":"https:\/\/www.serbski-institut.de\/os\/wp-json\/wp\/v2\/pages\/5899"}],"wp:attachment":[{"href":"https:\/\/www.serbski-institut.de\/os\/wp-json\/wp\/v2\/media?parent=4504"}],"curies":[{"name":"wp","href":"https:\/\/api.w.org\/{rel}","templated":true}]}}