{"id":4598,"date":"2021-12-08T16:42:44","date_gmt":"2021-12-08T15:42:44","guid":{"rendered":"https:\/\/beta.serbski-institut.de\/biblioteka-archiw\/serbska-centralna-biblioteka\/"},"modified":"2026-03-23T13:38:09","modified_gmt":"2026-03-23T12:38:09","slug":"serbska-centralna-biblioteka","status":"publish","type":"page","link":"https:\/\/www.serbski-institut.de\/os\/serbska-centralna-biblioteka\/","title":{"rendered":"Serbska centralna biblioteka"},"content":{"rendered":"<p>Za\u0142o\u017eena 1949. H\u0142owny nadawk: Zb\u011bra\u0107 w\u0161u literaturu w serbskej r\u011b\u010di, wo Serbach a wo Hornjej a Delnjej \u0141u\u017eicy. Serbska centralna biblioteka je zdobom w\u011bdomostna fachowa knihownja Serbskeho instituta a wobsed\u017ai p\u0159ez wum\u011bnu z wukrajnymi bibliotekami nahladny wobstatk slawistiskich a s\u0142owjanskich knihow a \u010dasopisow.<\/p>\n<p>Zak\u0142adny wobstatk biblioteki twori zbytk knihownje Ma\u0107icy Serbskeje. Tut\u00f3n wobstatk historiskich knihow je so wudospo\u0142nja\u0142 p\u0159ez nakup resp. darjenje priwatnych knihownjow Oty Wi\u0107aza, Pawo\u0142a Neda, M\u011br\u0107ina Nowaka-Njechor\u0144skeho a Jana Me\u0161kanka. Z \u010dasa za\u0142o\u017eenja w l\u011b\u0107e 1958 podp\u011bra Ludowe nak\u0142adnistwo Domowina winowatostnymi eksemplarami prawid\u0142ownje Serbsku centralnu biblioteku.<\/p>\n<p>Cy\u0142kowny wobjim biblioteki: 110000 medijowych jednotkow. Z toho 27000 \u010dasopisowych zwjazkow; kni\u017ene wuda\u0107a: 13000 w serbskimaj, 25000 w s\u0142owjanskich r\u011b\u010dach.<\/p>\n<p>We <a href=\"https:\/\/www.serbski-institut.de\/bibliothek\/virtueller-lesesaal\/\">wirtuelnej \u010ditarni<\/a> namaka\u0107e w\u0161itke poskitki Serbskeho kulturneho archiwa a Serbskeje centralneje biblioteki na jednym m\u011bstnje zhromad\u017aene.<\/p>\n<h2>Wotewrjenski \u010das<\/h2>\n<p>wot p\u00f3nd\u017aele do srjedy: 9:00 \u2013 16:00 hod\u017a.<br \/>\n\u0161tw\u00f3rtk: 9:00 \u2013 18:00 hod\u017a.<br \/>\npjatk: zawrjene<\/p>\n<div class=\"alert alert-warning\">Zeleny \u0161tw\u00f3rtk, dnja 2. 4. 2026, bud\u017aetej biblioteka a archiw jeno\u017e ha\u010d do 16 hod\u017a. wotewrjenej.<br \/>\nP\u0159ejemy na\u0161im \u010ditarkam a \u010ditarjam \u017eohnowane jutry!<\/div>\n<h2>Kontakt<\/h2>\n<p>e-Mail: <a href=\"&#x6d;&#97;&#105;l&#x74;&#x6f;&#58;b&#x69;&#x62;&#108;io&#x74;&#101;&#107;a&#x2d;&#x61;&#114;c&#x68;&#x69;&#119;&#64;s&#x65;&#x72;&#98;s&#x6b;&#x69;&#45;i&#x6e;&#x73;&#116;&#105;t&#x75;&#x74;&#46;d&#x65;\">&#x62;&#x69;&#x62;&#x6c;&#105;&#111;tek&#x61;&#x2d;&#x61;&#x72;&#99;&#104;iw&#64;&#x73;&#x65;&#x72;&#x62;&#115;&#107;&#105;-i&#x6e;&#x73;&#x74;&#x69;&#116;&#117;&#116;&#46;d&#x65;<\/a><\/p>\n","protected":false},"excerpt":{"rendered":"<p>Za\u0142o\u017eena 1949. H\u0142owny nadawk: Zb\u011bra\u0107 w\u0161u literaturu w serbskej r\u011b\u010di, wo Serbach a wo Hornjej a Delnjej \u0141u\u017eicy. Serbska centralna biblioteka je zdobom w\u011bdomostna fachowa knihownja Serbskeho instituta a wobsed\u017ai p\u0159ez wum\u011bnu z wukrajnymi bibliotekami nahladny wobstatk slawistiskich a s\u0142owjanskich knihow a \u010dasopisow. Zak\u0142adny wobstatk biblioteki twori zbytk knihownje Ma\u0107icy Serbskeje. Tut\u00f3n wobstatk historiskich knihow [&hellip;]<\/p>\n","protected":false},"author":32,"featured_media":7660,"parent":0,"menu_order":9,"comment_status":"closed","ping_status":"closed","template":"","meta":{"_acf_changed":false,"footnotes":""},"class_list":["post-4598","page","type-page","status-publish","has-post-thumbnail","hentry"],"acf":[],"_links":{"self":[{"href":"https:\/\/www.serbski-institut.de\/os\/wp-json\/wp\/v2\/pages\/4598","targetHints":{"allow":["GET"]}}],"collection":[{"href":"https:\/\/www.serbski-institut.de\/os\/wp-json\/wp\/v2\/pages"}],"about":[{"href":"https:\/\/www.serbski-institut.de\/os\/wp-json\/wp\/v2\/types\/page"}],"author":[{"embeddable":true,"href":"https:\/\/www.serbski-institut.de\/os\/wp-json\/wp\/v2\/users\/32"}],"replies":[{"embeddable":true,"href":"https:\/\/www.serbski-institut.de\/os\/wp-json\/wp\/v2\/comments?post=4598"}],"version-history":[{"count":3,"href":"https:\/\/www.serbski-institut.de\/os\/wp-json\/wp\/v2\/pages\/4598\/revisions"}],"predecessor-version":[{"id":252273,"href":"https:\/\/www.serbski-institut.de\/os\/wp-json\/wp\/v2\/pages\/4598\/revisions\/252273"}],"wp:featuredmedia":[{"embeddable":true,"href":"https:\/\/www.serbski-institut.de\/os\/wp-json\/wp\/v2\/media\/7660"}],"wp:attachment":[{"href":"https:\/\/www.serbski-institut.de\/os\/wp-json\/wp\/v2\/media?parent=4598"}],"curies":[{"name":"wp","href":"https:\/\/api.w.org\/{rel}","templated":true}]}}