{"id":4625,"date":"2021-12-08T18:40:19","date_gmt":"2021-12-08T17:40:19","guid":{"rendered":"https:\/\/beta.serbski-institut.de\/prirodowedne-slowniki-michala-rostoka\/"},"modified":"2022-02-22T13:17:52","modified_gmt":"2022-02-22T12:17:52","slug":"prirodowedne-slowniki-michala-rostoka","status":"publish","type":"page","link":"https:\/\/www.serbski-institut.de\/os\/serbska-centralna-biblioteka\/wirtuelna-citarnja\/digitalizaty-rukopisow-z-wobstatkow-ska-na-sachsen-digital\/prirodowedne-slowniki-michala-rostoka\/","title":{"rendered":"P\u0159irodow\u011bdne s\u0142owniki Micha\u0142a Rostoka"},"content":{"rendered":"","protected":false},"excerpt":{"rendered":"","protected":false},"author":32,"featured_media":0,"parent":5899,"menu_order":0,"comment_status":"closed","ping_status":"closed","template":"","meta":{"_acf_changed":false,"footnotes":""},"class_list":["post-4625","page","type-page","status-publish","hentry"],"acf":[],"_links":{"self":[{"href":"https:\/\/www.serbski-institut.de\/os\/wp-json\/wp\/v2\/pages\/4625","targetHints":{"allow":["GET"]}}],"collection":[{"href":"https:\/\/www.serbski-institut.de\/os\/wp-json\/wp\/v2\/pages"}],"about":[{"href":"https:\/\/www.serbski-institut.de\/os\/wp-json\/wp\/v2\/types\/page"}],"author":[{"embeddable":true,"href":"https:\/\/www.serbski-institut.de\/os\/wp-json\/wp\/v2\/users\/32"}],"replies":[{"embeddable":true,"href":"https:\/\/www.serbski-institut.de\/os\/wp-json\/wp\/v2\/comments?post=4625"}],"version-history":[{"count":1,"href":"https:\/\/www.serbski-institut.de\/os\/wp-json\/wp\/v2\/pages\/4625\/revisions"}],"predecessor-version":[{"id":6145,"href":"https:\/\/www.serbski-institut.de\/os\/wp-json\/wp\/v2\/pages\/4625\/revisions\/6145"}],"up":[{"embeddable":true,"href":"https:\/\/www.serbski-institut.de\/os\/wp-json\/wp\/v2\/pages\/5899"}],"wp:attachment":[{"href":"https:\/\/www.serbski-institut.de\/os\/wp-json\/wp\/v2\/media?parent=4625"}],"curies":[{"name":"wp","href":"https:\/\/api.w.org\/{rel}","templated":true}]}}