{"id":5643,"date":"2022-01-21T14:39:43","date_gmt":"2022-01-21T13:39:43","guid":{"rendered":"https:\/\/beta.serbski-institut.de\/hornjoserbski-frazeologiski-slownik-w-internece\/"},"modified":"2022-01-21T14:39:43","modified_gmt":"2022-01-21T13:39:43","slug":"hornjoserbski-frazeologiski-slownik-w-internece","status":"publish","type":"page","link":"https:\/\/www.serbski-institut.de\/os\/publikacije\/online-publikacije\/hornjoserbski-frazeologiski-slownik-w-internece\/","title":{"rendered":"Hornjoserbski frazeologiski s\u0142ownik w interne\u0107e"},"content":{"rendered":"<p>Hornjoserbski frazeologiski s\u0142ownik w interne\u0107e je m\u00f3\u017enos\u0107 wu\u017eiwanja datoweje banki hornjoserbskich frazeologizmow, kotra\u017e b\u011b zak\u0142ad za wuda\u0107e Hornjoserbskeho frazeologiskeho s\u0142ownika w \u0107i\u0161\u0107u: Iv\u010denko, Anatolij; W\u00f6lke, Sonja: Hornjoserbski frazeologiski s\u0142ownik \/ Obersorbisches phraseologisches W\u00f6rterbuch \/ \u0412\u0435\u0440\u0445\u043d\u0435\u043b\u0443\u0436\u0438\u0446\u043a\u0438\u0439 \u0444\u0440\u0430\u0437\u0435\u043e\u043b\u043e\u0433\u0438\u0447\u0435\u0441\u043a\u0438\u0439 \u0441\u043b\u043e\u0432\u0430\u0440\u044c, Budy\u0161in: Ludowe nak\u0142adnistwo Domowina, 2004, 572 S.<br \/>\nZestajerka a hladarka datoweje banki je dr. Sonja W\u00f6lkowa (Serbski institut)<\/p>\n<ul>\n<li><a href=\"https:\/\/www.serbski-institut.de\/veroeffentlichung\/online-publikationen\/obersorbisches-phraseologisches-woerterbuch\/gegenstand-des-woerterbuchs\/\">p\u0159edmjet s\u0142ownika<\/a><\/li>\n<li><a href=\"https:\/\/www.serbski-institut.de\/veroeffentlichung\/online-publikationen\/obersorbisches-phraseologisches-woerterbuch\/quellen-des-opwi\/\">\u017e\u00f3r\u0142a s\u0142ownika<\/a><\/li>\n<li><a href=\"https:\/\/www.serbski-institut.de\/veroeffentlichung\/online-publikationen\/obersorbisches-phraseologisches-woerterbuch\/artikelstruktur\/\">struktura hes\u0142ow<\/a><\/li>\n<\/ul>\n<script>\n\nfunction si_changeAlphabet(searchtype) {\n\tdocument.getElementById(\"si-nav-pills-1\").style.display = \"none\";\n    document.getElementById(\"si-nav-pills-2\").style.display = \"none\";\n    document.getElementById(\"si-nav-pills-\"+searchtype).style.display = \"flex\";\n}\n\n<\/script>\n<div id=\"eingabefeld\" class=\"card\">\n\t<div class=\"card-body\">\n\t\t<form method=\"get\">\n\t\t\t<div class=\"row mb-3\">\n\t\t\t\t<label class=\"col-md-3 col-form-label\">sm\u011br pytanja<\/label>\n\t\t\t\t<div class=\"col-md-9\">\n\t\t\t\t\t<div class=\"form-check\">\n\t\t  \t\t\t\t<input class=\"form-check-input\" type=\"radio\" name=\"dbsearchtype\" id=\"dbsearchtype_1\" value=\"1\" checked onclick=\"si_changeAlphabet(1)\">\n\t\t  \t\t\t\t<label class=\"form-check-label\" for=\"dbsearchtype_1\">hornjoserbsko-n\u011bmsce<\/label>\n\t\t\t\t\t<\/div>\n\t\t\t\t\t<div class=\"form-check\">\n\t\t  \t\t\t\t<input class=\"form-check-input\" type=\"radio\" name=\"dbsearchtype\" id=\"dbsearchtype_2\" value=\"2\"  onclick=\"si_changeAlphabet(2)\">\n\t\t  \t\t\t\t<label class=\"form-check-label\" for=\"dbsearchtype_2\">n\u011bmsko-hornjoserbsce<\/label>\n\t\t\t\t\t<\/div>\n\t\t\t\t<\/div>\n\t\t\t<\/div>\n\t\t\t<div class=\"row mb-3\">\n\t\t\t\t<label for=\"dbsearch\" class=\"col-md-3 col-form-label\">hes\u0142o<\/label>\n\t\t\t\t<div class=\"col-md-9\">\n\t\t\t\t\t<input type=\"text\" id=\"dbsearch\" name=\"dbsearch\" placeholder=\"hes\u0142o\" class=\"form-control\" value=\"\" \/>\n\t\t\t\t<\/div>\n\t\t\t<\/div>\n\t\t\t<div class=\"row\">\n\t\t    \t<div class=\"col-md-9 offset-md-3\">\n\t\t    \t\t<input type=\"hidden\" name=\"search\" value=\"1\" \/>\n\t\t        \t<button type=\"submit\" class=\"btn btn-outline-primary\">Pytanje<\/button>\n\t\t        <\/div>\n\t\t    <\/div>\n\t\t<\/form>\n\t<\/div>\n<\/div>\n<br \/>\n<div class=\"row mt-3\">\n\t<div class=\"col\">\n\t\t<h2>pytanje po spo\u010datnikach<\/h2>\n\t\t<ul id=\"si-nav-pills-1\" class=\"nav nav-pills si-nav-pills\"><li class=\"nav-item\"><a class=\"nav-link\" href=\"https:\/\/www.serbski-institut.de\/os\/publikacije\/online-publikacije\/hornjoserbski-frazeologiski-slownik-w-internece\/?dbsearchreq=A&dbsearchtype=1\">A<\/a><\/li><li class=\"nav-item\"><a class=\"nav-link\" href=\"https:\/\/www.serbski-institut.de\/os\/publikacije\/online-publikacije\/hornjoserbski-frazeologiski-slownik-w-internece\/?dbsearchreq=B&dbsearchtype=1\">B<\/a><\/li><li class=\"nav-item\"><a class=\"nav-link\" href=\"https:\/\/www.serbski-institut.de\/os\/publikacije\/online-publikacije\/hornjoserbski-frazeologiski-slownik-w-internece\/?dbsearchreq=C&dbsearchtype=1\">C<\/a><\/li><li class=\"nav-item\"><a class=\"nav-link\" href=\"https:\/\/www.serbski-institut.de\/os\/publikacije\/online-publikacije\/hornjoserbski-frazeologiski-slownik-w-internece\/?dbsearchreq=\u010c&dbsearchtype=1\">\u010c<\/a><\/li><li class=\"nav-item\"><a class=\"nav-link\" href=\"https:\/\/www.serbski-institut.de\/os\/publikacije\/online-publikacije\/hornjoserbski-frazeologiski-slownik-w-internece\/?dbsearchreq=\u0106&dbsearchtype=1\">\u0106<\/a><\/li><li class=\"nav-item\"><a class=\"nav-link\" href=\"https:\/\/www.serbski-institut.de\/os\/publikacije\/online-publikacije\/hornjoserbski-frazeologiski-slownik-w-internece\/?dbsearchreq=D&dbsearchtype=1\">D<\/a><\/li><li class=\"nav-item\"><a class=\"nav-link\" href=\"https:\/\/www.serbski-institut.de\/os\/publikacije\/online-publikacije\/hornjoserbski-frazeologiski-slownik-w-internece\/?dbsearchreq=d\u017a&dbsearchtype=1\">d\u017a<\/a><\/li><li class=\"nav-item\"><a class=\"nav-link\" href=\"https:\/\/www.serbski-institut.de\/os\/publikacije\/online-publikacije\/hornjoserbski-frazeologiski-slownik-w-internece\/?dbsearchreq=E&dbsearchtype=1\">E<\/a><\/li><li class=\"nav-item\"><a class=\"nav-link\" href=\"https:\/\/www.serbski-institut.de\/os\/publikacije\/online-publikacije\/hornjoserbski-frazeologiski-slownik-w-internece\/?dbsearchreq=F&dbsearchtype=1\">F<\/a><\/li><li class=\"nav-item\"><a class=\"nav-link\" href=\"https:\/\/www.serbski-institut.de\/os\/publikacije\/online-publikacije\/hornjoserbski-frazeologiski-slownik-w-internece\/?dbsearchreq=G&dbsearchtype=1\">G<\/a><\/li><li class=\"nav-item\"><a class=\"nav-link\" href=\"https:\/\/www.serbski-institut.de\/os\/publikacije\/online-publikacije\/hornjoserbski-frazeologiski-slownik-w-internece\/?dbsearchreq=H&dbsearchtype=1\">H<\/a><\/li><li class=\"nav-item\"><a class=\"nav-link\" href=\"https:\/\/www.serbski-institut.de\/os\/publikacije\/online-publikacije\/hornjoserbski-frazeologiski-slownik-w-internece\/?dbsearchreq=CH&dbsearchtype=1\">CH<\/a><\/li><li class=\"nav-item\"><a class=\"nav-link\" href=\"https:\/\/www.serbski-institut.de\/os\/publikacije\/online-publikacije\/hornjoserbski-frazeologiski-slownik-w-internece\/?dbsearchreq=I&dbsearchtype=1\">I<\/a><\/li><li class=\"nav-item\"><a class=\"nav-link\" href=\"https:\/\/www.serbski-institut.de\/os\/publikacije\/online-publikacije\/hornjoserbski-frazeologiski-slownik-w-internece\/?dbsearchreq=J&dbsearchtype=1\">J<\/a><\/li><li class=\"nav-item\"><a class=\"nav-link\" href=\"https:\/\/www.serbski-institut.de\/os\/publikacije\/online-publikacije\/hornjoserbski-frazeologiski-slownik-w-internece\/?dbsearchreq=K&dbsearchtype=1\">K<\/a><\/li><li class=\"nav-item\"><a class=\"nav-link\" href=\"https:\/\/www.serbski-institut.de\/os\/publikacije\/online-publikacije\/hornjoserbski-frazeologiski-slownik-w-internece\/?dbsearchreq=\u0141&dbsearchtype=1\">\u0141<\/a><\/li><li class=\"nav-item\"><a class=\"nav-link\" href=\"https:\/\/www.serbski-institut.de\/os\/publikacije\/online-publikacije\/hornjoserbski-frazeologiski-slownik-w-internece\/?dbsearchreq=L&dbsearchtype=1\">L<\/a><\/li><li class=\"nav-item\"><a class=\"nav-link\" href=\"https:\/\/www.serbski-institut.de\/os\/publikacije\/online-publikacije\/hornjoserbski-frazeologiski-slownik-w-internece\/?dbsearchreq=M&dbsearchtype=1\">M<\/a><\/li><li class=\"nav-item\"><a class=\"nav-link\" href=\"https:\/\/www.serbski-institut.de\/os\/publikacije\/online-publikacije\/hornjoserbski-frazeologiski-slownik-w-internece\/?dbsearchreq=N&dbsearchtype=1\">N<\/a><\/li><li class=\"nav-item\"><a class=\"nav-link\" href=\"https:\/\/www.serbski-institut.de\/os\/publikacije\/online-publikacije\/hornjoserbski-frazeologiski-slownik-w-internece\/?dbsearchreq=O&dbsearchtype=1\">O<\/a><\/li><li class=\"nav-item\"><a class=\"nav-link\" href=\"https:\/\/www.serbski-institut.de\/os\/publikacije\/online-publikacije\/hornjoserbski-frazeologiski-slownik-w-internece\/?dbsearchreq=P&dbsearchtype=1\">P<\/a><\/li><li class=\"nav-item\"><a class=\"nav-link\" href=\"https:\/\/www.serbski-institut.de\/os\/publikacije\/online-publikacije\/hornjoserbski-frazeologiski-slownik-w-internece\/?dbsearchreq=R&dbsearchtype=1\">R<\/a><\/li><li class=\"nav-item\"><a class=\"nav-link\" href=\"https:\/\/www.serbski-institut.de\/os\/publikacije\/online-publikacije\/hornjoserbski-frazeologiski-slownik-w-internece\/?dbsearchreq=S&dbsearchtype=1\">S<\/a><\/li><li class=\"nav-item\"><a class=\"nav-link\" href=\"https:\/\/www.serbski-institut.de\/os\/publikacije\/online-publikacije\/hornjoserbski-frazeologiski-slownik-w-internece\/?dbsearchreq=\u0160&dbsearchtype=1\">\u0160<\/a><\/li><li class=\"nav-item\"><a class=\"nav-link\" href=\"https:\/\/www.serbski-institut.de\/os\/publikacije\/online-publikacije\/hornjoserbski-frazeologiski-slownik-w-internece\/?dbsearchreq=T&dbsearchtype=1\">T<\/a><\/li><li class=\"nav-item\"><a class=\"nav-link\" href=\"https:\/\/www.serbski-institut.de\/os\/publikacije\/online-publikacije\/hornjoserbski-frazeologiski-slownik-w-internece\/?dbsearchreq=U&dbsearchtype=1\">U<\/a><\/li><li class=\"nav-item\"><a class=\"nav-link\" href=\"https:\/\/www.serbski-institut.de\/os\/publikacije\/online-publikacije\/hornjoserbski-frazeologiski-slownik-w-internece\/?dbsearchreq=W&dbsearchtype=1\">W<\/a><\/li><li class=\"nav-item\"><a class=\"nav-link\" href=\"https:\/\/www.serbski-institut.de\/os\/publikacije\/online-publikacije\/hornjoserbski-frazeologiski-slownik-w-internece\/?dbsearchreq=X&dbsearchtype=1\">X<\/a><\/li><li class=\"nav-item\"><a class=\"nav-link\" href=\"https:\/\/www.serbski-institut.de\/os\/publikacije\/online-publikacije\/hornjoserbski-frazeologiski-slownik-w-internece\/?dbsearchreq=Y&dbsearchtype=1\">Y<\/a><\/li><li class=\"nav-item\"><a class=\"nav-link\" href=\"https:\/\/www.serbski-institut.de\/os\/publikacije\/online-publikacije\/hornjoserbski-frazeologiski-slownik-w-internece\/?dbsearchreq=Z&dbsearchtype=1\">Z<\/a><\/li><li class=\"nav-item\"><a class=\"nav-link\" href=\"https:\/\/www.serbski-institut.de\/os\/publikacije\/online-publikacije\/hornjoserbski-frazeologiski-slownik-w-internece\/?dbsearchreq=\u017d&dbsearchtype=1\">\u017d<\/a><\/li><\/ul>\n\t\t<ul id=\"si-nav-pills-2\" class=\"nav nav-pills si-nav-pills\" style=\"display: none;\"><li class=\"nav-item\"><a class=\"nav-link\" href=\"https:\/\/www.serbski-institut.de\/os\/publikacije\/online-publikacije\/hornjoserbski-frazeologiski-slownik-w-internece\/?dbsearchreq=A&dbsearchtype=2\">A<\/a><\/li><li class=\"nav-item\"><a class=\"nav-link\" href=\"https:\/\/www.serbski-institut.de\/os\/publikacije\/online-publikacije\/hornjoserbski-frazeologiski-slownik-w-internece\/?dbsearchreq=\u00c4&dbsearchtype=2\">\u00c4<\/a><\/li><li class=\"nav-item\"><a class=\"nav-link\" href=\"https:\/\/www.serbski-institut.de\/os\/publikacije\/online-publikacije\/hornjoserbski-frazeologiski-slownik-w-internece\/?dbsearchreq=B&dbsearchtype=2\">B<\/a><\/li><li class=\"nav-item\"><a class=\"nav-link\" href=\"https:\/\/www.serbski-institut.de\/os\/publikacije\/online-publikacije\/hornjoserbski-frazeologiski-slownik-w-internece\/?dbsearchreq=C&dbsearchtype=2\">C<\/a><\/li><li class=\"nav-item\"><a class=\"nav-link\" href=\"https:\/\/www.serbski-institut.de\/os\/publikacije\/online-publikacije\/hornjoserbski-frazeologiski-slownik-w-internece\/?dbsearchreq=D&dbsearchtype=2\">D<\/a><\/li><li class=\"nav-item\"><a class=\"nav-link\" href=\"https:\/\/www.serbski-institut.de\/os\/publikacije\/online-publikacije\/hornjoserbski-frazeologiski-slownik-w-internece\/?dbsearchreq=E&dbsearchtype=2\">E<\/a><\/li><li class=\"nav-item\"><a class=\"nav-link\" href=\"https:\/\/www.serbski-institut.de\/os\/publikacije\/online-publikacije\/hornjoserbski-frazeologiski-slownik-w-internece\/?dbsearchreq=F&dbsearchtype=2\">F<\/a><\/li><li class=\"nav-item\"><a class=\"nav-link\" href=\"https:\/\/www.serbski-institut.de\/os\/publikacije\/online-publikacije\/hornjoserbski-frazeologiski-slownik-w-internece\/?dbsearchreq=G&dbsearchtype=2\">G<\/a><\/li><li class=\"nav-item\"><a class=\"nav-link\" href=\"https:\/\/www.serbski-institut.de\/os\/publikacije\/online-publikacije\/hornjoserbski-frazeologiski-slownik-w-internece\/?dbsearchreq=H&dbsearchtype=2\">H<\/a><\/li><li class=\"nav-item\"><a class=\"nav-link\" href=\"https:\/\/www.serbski-institut.de\/os\/publikacije\/online-publikacije\/hornjoserbski-frazeologiski-slownik-w-internece\/?dbsearchreq=I&dbsearchtype=2\">I<\/a><\/li><li class=\"nav-item\"><a class=\"nav-link\" href=\"https:\/\/www.serbski-institut.de\/os\/publikacije\/online-publikacije\/hornjoserbski-frazeologiski-slownik-w-internece\/?dbsearchreq=J&dbsearchtype=2\">J<\/a><\/li><li class=\"nav-item\"><a class=\"nav-link\" href=\"https:\/\/www.serbski-institut.de\/os\/publikacije\/online-publikacije\/hornjoserbski-frazeologiski-slownik-w-internece\/?dbsearchreq=K&dbsearchtype=2\">K<\/a><\/li><li class=\"nav-item\"><a class=\"nav-link\" href=\"https:\/\/www.serbski-institut.de\/os\/publikacije\/online-publikacije\/hornjoserbski-frazeologiski-slownik-w-internece\/?dbsearchreq=L&dbsearchtype=2\">L<\/a><\/li><li class=\"nav-item\"><a class=\"nav-link\" href=\"https:\/\/www.serbski-institut.de\/os\/publikacije\/online-publikacije\/hornjoserbski-frazeologiski-slownik-w-internece\/?dbsearchreq=M&dbsearchtype=2\">M<\/a><\/li><li class=\"nav-item\"><a class=\"nav-link\" href=\"https:\/\/www.serbski-institut.de\/os\/publikacije\/online-publikacije\/hornjoserbski-frazeologiski-slownik-w-internece\/?dbsearchreq=N&dbsearchtype=2\">N<\/a><\/li><li class=\"nav-item\"><a class=\"nav-link\" href=\"https:\/\/www.serbski-institut.de\/os\/publikacije\/online-publikacije\/hornjoserbski-frazeologiski-slownik-w-internece\/?dbsearchreq=O&dbsearchtype=2\">O<\/a><\/li><li class=\"nav-item\"><a class=\"nav-link\" href=\"https:\/\/www.serbski-institut.de\/os\/publikacije\/online-publikacije\/hornjoserbski-frazeologiski-slownik-w-internece\/?dbsearchreq=\u00d6&dbsearchtype=2\">\u00d6<\/a><\/li><li class=\"nav-item\"><a class=\"nav-link\" href=\"https:\/\/www.serbski-institut.de\/os\/publikacije\/online-publikacije\/hornjoserbski-frazeologiski-slownik-w-internece\/?dbsearchreq=P&dbsearchtype=2\">P<\/a><\/li><li class=\"nav-item\"><a class=\"nav-link\" href=\"https:\/\/www.serbski-institut.de\/os\/publikacije\/online-publikacije\/hornjoserbski-frazeologiski-slownik-w-internece\/?dbsearchreq=Q&dbsearchtype=2\">Q<\/a><\/li><li class=\"nav-item\"><a class=\"nav-link\" href=\"https:\/\/www.serbski-institut.de\/os\/publikacije\/online-publikacije\/hornjoserbski-frazeologiski-slownik-w-internece\/?dbsearchreq=R&dbsearchtype=2\">R<\/a><\/li><li class=\"nav-item\"><a class=\"nav-link\" href=\"https:\/\/www.serbski-institut.de\/os\/publikacije\/online-publikacije\/hornjoserbski-frazeologiski-slownik-w-internece\/?dbsearchreq=S&dbsearchtype=2\">S<\/a><\/li><li class=\"nav-item\"><a class=\"nav-link\" href=\"https:\/\/www.serbski-institut.de\/os\/publikacije\/online-publikacije\/hornjoserbski-frazeologiski-slownik-w-internece\/?dbsearchreq=T&dbsearchtype=2\">T<\/a><\/li><li class=\"nav-item\"><a class=\"nav-link\" href=\"https:\/\/www.serbski-institut.de\/os\/publikacije\/online-publikacije\/hornjoserbski-frazeologiski-slownik-w-internece\/?dbsearchreq=U&dbsearchtype=2\">U<\/a><\/li><li class=\"nav-item\"><a class=\"nav-link\" href=\"https:\/\/www.serbski-institut.de\/os\/publikacije\/online-publikacije\/hornjoserbski-frazeologiski-slownik-w-internece\/?dbsearchreq=\u00dc&dbsearchtype=2\">\u00dc<\/a><\/li><li class=\"nav-item\"><a class=\"nav-link\" href=\"https:\/\/www.serbski-institut.de\/os\/publikacije\/online-publikacije\/hornjoserbski-frazeologiski-slownik-w-internece\/?dbsearchreq=V&dbsearchtype=2\">V<\/a><\/li><li class=\"nav-item\"><a class=\"nav-link\" href=\"https:\/\/www.serbski-institut.de\/os\/publikacije\/online-publikacije\/hornjoserbski-frazeologiski-slownik-w-internece\/?dbsearchreq=W&dbsearchtype=2\">W<\/a><\/li><li class=\"nav-item\"><a class=\"nav-link\" href=\"https:\/\/www.serbski-institut.de\/os\/publikacije\/online-publikacije\/hornjoserbski-frazeologiski-slownik-w-internece\/?dbsearchreq=X&dbsearchtype=2\">X<\/a><\/li><li class=\"nav-item\"><a class=\"nav-link\" href=\"https:\/\/www.serbski-institut.de\/os\/publikacije\/online-publikacije\/hornjoserbski-frazeologiski-slownik-w-internece\/?dbsearchreq=Y&dbsearchtype=2\">Y<\/a><\/li><li class=\"nav-item\"><a class=\"nav-link\" href=\"https:\/\/www.serbski-institut.de\/os\/publikacije\/online-publikacije\/hornjoserbski-frazeologiski-slownik-w-internece\/?dbsearchreq=Z&dbsearchtype=2\">Z<\/a><\/li><\/ul>\t\t\n\t<\/div>\n<\/div>\n","protected":false},"excerpt":{"rendered":"<p>Hornjoserbski frazeologiski s\u0142ownik w interne\u0107e je m\u00f3\u017enos\u0107 wu\u017eiwanja datoweje banki hornjoserbskich frazeologizmow, kotra\u017e b\u011b zak\u0142ad za wuda\u0107e Hornjoserbskeho frazeologiskeho s\u0142ownika w \u0107i\u0161\u0107u: Iv\u010denko, Anatolij; W\u00f6lke, Sonja: Hornjoserbski frazeologiski s\u0142ownik \/ Obersorbisches phraseologisches W\u00f6rterbuch \/ \u0412\u0435\u0440\u0445\u043d\u0435\u043b\u0443\u0436\u0438\u0446\u043a\u0438\u0439 \u0444\u0440\u0430\u0437\u0435\u043e\u043b\u043e\u0433\u0438\u0447\u0435\u0441\u043a\u0438\u0439 \u0441\u043b\u043e\u0432\u0430\u0440\u044c, Budy\u0161in: Ludowe nak\u0142adnistwo Domowina, 2004, 572 S. Zestajerka a hladarka datoweje banki je dr. Sonja W\u00f6lkowa (Serbski institut) [&hellip;]<\/p>\n","protected":false},"author":32,"featured_media":0,"parent":5868,"menu_order":0,"comment_status":"closed","ping_status":"closed","template":"","meta":{"_acf_changed":false,"footnotes":""},"class_list":["post-5643","page","type-page","status-publish","hentry"],"acf":[],"_links":{"self":[{"href":"https:\/\/www.serbski-institut.de\/os\/wp-json\/wp\/v2\/pages\/5643","targetHints":{"allow":["GET"]}}],"collection":[{"href":"https:\/\/www.serbski-institut.de\/os\/wp-json\/wp\/v2\/pages"}],"about":[{"href":"https:\/\/www.serbski-institut.de\/os\/wp-json\/wp\/v2\/types\/page"}],"author":[{"embeddable":true,"href":"https:\/\/www.serbski-institut.de\/os\/wp-json\/wp\/v2\/users\/32"}],"replies":[{"embeddable":true,"href":"https:\/\/www.serbski-institut.de\/os\/wp-json\/wp\/v2\/comments?post=5643"}],"version-history":[{"count":0,"href":"https:\/\/www.serbski-institut.de\/os\/wp-json\/wp\/v2\/pages\/5643\/revisions"}],"up":[{"embeddable":true,"href":"https:\/\/www.serbski-institut.de\/os\/wp-json\/wp\/v2\/pages\/5868"}],"wp:attachment":[{"href":"https:\/\/www.serbski-institut.de\/os\/wp-json\/wp\/v2\/media?parent=5643"}],"curies":[{"name":"wp","href":"https:\/\/api.w.org\/{rel}","templated":true}]}}