{"id":5646,"date":"2022-01-21T14:42:40","date_gmt":"2022-01-21T13:42:40","guid":{"rendered":"https:\/\/beta.serbski-institut.de\/hornjoserbski-frazeologiski-slownik-w-internece\/predmjet-slownika\/"},"modified":"2022-01-21T14:43:42","modified_gmt":"2022-01-21T13:43:42","slug":"predmjet-slownika","status":"publish","type":"page","link":"https:\/\/www.serbski-institut.de\/os\/publikacije\/online-publikacije\/hornjoserbski-frazeologiski-slownik-w-internece\/predmjet-slownika\/","title":{"rendered":"P\u0159edmjet s\u0142ownika"},"content":{"rendered":"<p>Hornjoserbski frazeologiski s\u0142ownik w interne\u0107e registruje a wopisuje frazeologiju spisowneje hornjoserb\u0161\u0107iny p\u0159itomnos\u0107e.<br \/>\nZak\u0142ad za rozsud wo p\u0159iwza\u0107u r\u011b\u010dneho wobrota do frazeologiskeho s\u0142ownika je definicija frazeologizma jako:<br \/>\nleksikalizowana wjazba dweju abo wjacorych s\u0142owow, kotra\u017e ma relatiwnje krutu formu a globalny, na cy\u0142k wjazany p\u0159enjeseny woznam, husto z ekspresiwnej konotaciju.<\/p>\n<p>Skr\u00f3tka a jednori\u0161o prajene: P\u0159edmjet Hornjoserbskeho frazeologiskeho s\u0142ownika w interne\u0107e su hornjoserbske krute r\u011b\u010dne wobroty z p\u0159enjesenym woznamom.<\/p>\n","protected":false},"excerpt":{"rendered":"<p>Hornjoserbski frazeologiski s\u0142ownik w interne\u0107e registruje a wopisuje frazeologiju spisowneje hornjoserb\u0161\u0107iny p\u0159itomnos\u0107e. Zak\u0142ad za rozsud wo p\u0159iwza\u0107u r\u011b\u010dneho wobrota do frazeologiskeho s\u0142ownika je definicija frazeologizma jako: leksikalizowana wjazba dweju abo wjacorych s\u0142owow, kotra\u017e ma relatiwnje krutu formu a globalny, na cy\u0142k wjazany p\u0159enjeseny woznam, husto z ekspresiwnej konotaciju. Skr\u00f3tka a jednori\u0161o prajene: P\u0159edmjet Hornjoserbskeho frazeologiskeho [&hellip;]<\/p>\n","protected":false},"author":32,"featured_media":0,"parent":5643,"menu_order":0,"comment_status":"closed","ping_status":"closed","template":"","meta":{"_acf_changed":false,"footnotes":""},"class_list":["post-5646","page","type-page","status-publish","hentry"],"acf":[],"_links":{"self":[{"href":"https:\/\/www.serbski-institut.de\/os\/wp-json\/wp\/v2\/pages\/5646","targetHints":{"allow":["GET"]}}],"collection":[{"href":"https:\/\/www.serbski-institut.de\/os\/wp-json\/wp\/v2\/pages"}],"about":[{"href":"https:\/\/www.serbski-institut.de\/os\/wp-json\/wp\/v2\/types\/page"}],"author":[{"embeddable":true,"href":"https:\/\/www.serbski-institut.de\/os\/wp-json\/wp\/v2\/users\/32"}],"replies":[{"embeddable":true,"href":"https:\/\/www.serbski-institut.de\/os\/wp-json\/wp\/v2\/comments?post=5646"}],"version-history":[{"count":1,"href":"https:\/\/www.serbski-institut.de\/os\/wp-json\/wp\/v2\/pages\/5646\/revisions"}],"predecessor-version":[{"id":5647,"href":"https:\/\/www.serbski-institut.de\/os\/wp-json\/wp\/v2\/pages\/5646\/revisions\/5647"}],"up":[{"embeddable":true,"href":"https:\/\/www.serbski-institut.de\/os\/wp-json\/wp\/v2\/pages\/5643"}],"wp:attachment":[{"href":"https:\/\/www.serbski-institut.de\/os\/wp-json\/wp\/v2\/media?parent=5646"}],"curies":[{"name":"wp","href":"https:\/\/api.w.org\/{rel}","templated":true}]}}