{"id":5875,"date":"2022-02-01T14:36:08","date_gmt":"2022-02-01T13:36:08","guid":{"rendered":"https:\/\/beta.serbski-institut.de\/publikacije\/zakoncene-rjady\/"},"modified":"2023-12-01T13:34:13","modified_gmt":"2023-12-01T12:34:13","slug":"zakoncene-rjady","status":"publish","type":"page","link":"https:\/\/www.serbski-institut.de\/os\/zakoncene-rjady\/","title":{"rendered":"Zak\u00f3n\u010dene rjady"},"content":{"rendered":"<ul>\n<li><a href=\"https:\/\/www.serbski-institut.de\/veroeffentlichung\/abgeschlossene-reihen\/schriftenreihe-des-instituts-fuer-sorbische-volksforschung-1954-1990\/\">Schriftenreihe des Instituts f\u00fcr sorbische Volksforschung (1954-1990)<\/a><\/li>\n<li><a href=\"https:\/\/www.serbski-institut.de\/veroeffentlichung\/abgeschlossene-reihen\/sorbische-volkstrachten-1954-1984\/\">Sorbische Volkstrachten (1954-1984)<\/a><\/li>\n<li><a href=\"https:\/\/www.serbski-institut.de\/veroeffentlichung\/abgeschlossene-reihen\/populaerwissenschaftliche-schriftenreihe-des-instituts-fuer-sorbische-volksforschung-popularnowedomostna-knihownicka-instituta-za-serbski-ludospyt-1956-1960\/\">Popul\u00e4rwissenschaftliche Schriftenreihe des Instituts f\u00fcr Sorbische Volksforschung \/ Popularnow\u011bdomostna knihowni\u010dka Instituta za serbski ludospyt (1956-1960)<\/a><\/li>\n<li><a href=\"https:\/\/www.serbski-institut.de\/veroeffentlichung\/abgeschlossene-reihen\/sorbische-dialekttexte-1963-1972\/\">Sorbische Dialekttexte (1963-1972)<\/a><\/li>\n<li><a href=\"https:\/\/www.serbski-institut.de\/veroeffentlichung\/abgeschlossene-reihen\/sorbischer-sprachatlas-1965-1996\/\">Sorbischer Sprachatlas (1965-1996)<\/a><\/li>\n<li><a href=\"https:\/\/www.serbski-institut.de\/veroeffentlichung\/abgeschlossene-reihen\/studien-zur-sprachlichen-interferenz-1967-1974\/\">Studien zur sprachlichen Interferenz (1967-1974)<\/a><\/li>\n<li><a href=\"https:\/\/www.serbski-institut.de\/veroeffentlichung\/abgeschlossene-reihen\/hybride-welten-2000-2015\/\">Hybride Welten (2000-2015)<\/a><\/li>\n<\/ul>\n","protected":false},"excerpt":{"rendered":"<p>Schriftenreihe des Instituts f\u00fcr sorbische Volksforschung (1954-1990) Sorbische Volkstrachten (1954-1984) Popul\u00e4rwissenschaftliche Schriftenreihe des Instituts f\u00fcr Sorbische Volksforschung \/ Popularnow\u011bdomostna knihowni\u010dka Instituta za serbski ludospyt (1956-1960) Sorbische Dialekttexte (1963-1972) Sorbischer Sprachatlas (1965-1996) Studien zur sprachlichen Interferenz (1967-1974) Hybride Welten (2000-2015)<\/p>\n","protected":false},"author":32,"featured_media":0,"parent":0,"menu_order":12,"comment_status":"closed","ping_status":"closed","template":"","meta":{"_acf_changed":false,"footnotes":""},"class_list":["post-5875","page","type-page","status-publish","hentry"],"acf":[],"_links":{"self":[{"href":"https:\/\/www.serbski-institut.de\/os\/wp-json\/wp\/v2\/pages\/5875","targetHints":{"allow":["GET"]}}],"collection":[{"href":"https:\/\/www.serbski-institut.de\/os\/wp-json\/wp\/v2\/pages"}],"about":[{"href":"https:\/\/www.serbski-institut.de\/os\/wp-json\/wp\/v2\/types\/page"}],"author":[{"embeddable":true,"href":"https:\/\/www.serbski-institut.de\/os\/wp-json\/wp\/v2\/users\/32"}],"replies":[{"embeddable":true,"href":"https:\/\/www.serbski-institut.de\/os\/wp-json\/wp\/v2\/comments?post=5875"}],"version-history":[{"count":1,"href":"https:\/\/www.serbski-institut.de\/os\/wp-json\/wp\/v2\/pages\/5875\/revisions"}],"predecessor-version":[{"id":13371,"href":"https:\/\/www.serbski-institut.de\/os\/wp-json\/wp\/v2\/pages\/5875\/revisions\/13371"}],"wp:attachment":[{"href":"https:\/\/www.serbski-institut.de\/os\/wp-json\/wp\/v2\/media?parent=5875"}],"curies":[{"name":"wp","href":"https:\/\/api.w.org\/{rel}","templated":true}]}}