{"id":5894,"date":"2022-02-01T16:42:34","date_gmt":"2022-02-01T15:42:34","guid":{"rendered":"https:\/\/beta.serbski-institut.de\/serbski-kulturny-archiw\/wobstatki-serbskeho-kulturneho-archiwa\/"},"modified":"2022-03-11T15:13:13","modified_gmt":"2022-03-11T14:13:13","slug":"wobstatki-serbskeho-kulturneho-archiwa","status":"publish","type":"page","link":"https:\/\/www.serbski-institut.de\/os\/serbska-centralna-biblioteka\/wirtuelna-citarnja\/wobstatki-serbskeho-kulturneho-archiwa\/","title":{"rendered":"Wobstatki Serbskeho kulturneho archiwa"},"content":{"rendered":"<p>zapiski w n\u011bmskej r\u011b\u010di<\/p>\n<ul>\n<li><a title=\"Historiske wobstatki (Archiw Ma\u0107icy Serbskeje MS, MZb)\" href=\"https:\/\/www.serbski-institut.de\/bibliothek\/virtueller-lesesaal\/bestand\/historische-bestaende-archiv-der-macica-serbska-ms-mzb\/\">Historiske wobstatki (Archiw Ma\u0107icy Serbskeje MS, MZb)<\/a><\/li>\n<li><a href=\"https:\/\/www.serbski-institut.de\/bibliothek\/virtueller-lesesaal\/bestand\/nachlaesse-nachlass-splitter-und-personenbezogene-inventare\/\">Zawostajenstwa, fragmenty zawostajenstwow a wosobowe inwentary<\/a><\/li>\n<li>Wobstatk \u201eInstitut za serbski ludospyt\u201c 1951-1990 (ISL)<\/li>\n<li>Wobstatk \u201eDomowina\u201c 1912-1989<\/li>\n<li><a href=\"https:\/\/www.serbski-institut.de\/bibliothek\/virtueller-lesesaal\/bestand\/sorbische-institutionen\/\">Serbske institucije (SI)<\/a><\/li>\n<li><a href=\"https:\/\/www.serbski-institut.de\/bibliothek\/virtueller-lesesaal\/bestand\/neuzugaenge\/\">Nowe wobstatki<\/a><\/li>\n<li><a title=\"Wobstatki w SKA k hud\u017abnej kulturje po 1945\u201c\" href=\"https:\/\/www.serbski-institut.de\/bibliothek\/virtueller-lesesaal\/bestand\/bestaende-im-ska-zur-musikkultur-nach-1945\/\">Wobstatki w SKA k hud\u017abnej kulturje po 1945<\/a><\/li>\n<\/ul>\n","protected":false},"excerpt":{"rendered":"<p>zapiski w n\u011bmskej r\u011b\u010di Historiske wobstatki (Archiw Ma\u0107icy Serbskeje MS, MZb) Zawostajenstwa, fragmenty zawostajenstwow a wosobowe inwentary Wobstatk \u201eInstitut za serbski ludospyt\u201c 1951-1990 (ISL) Wobstatk \u201eDomowina\u201c 1912-1989 Serbske institucije (SI) Nowe wobstatki Wobstatki w SKA k hud\u017abnej kulturje po 1945<\/p>\n","protected":false},"author":32,"featured_media":0,"parent":5888,"menu_order":0,"comment_status":"closed","ping_status":"closed","template":"","meta":{"_acf_changed":false,"footnotes":""},"class_list":["post-5894","page","type-page","status-publish","hentry"],"acf":[],"_links":{"self":[{"href":"https:\/\/www.serbski-institut.de\/os\/wp-json\/wp\/v2\/pages\/5894","targetHints":{"allow":["GET"]}}],"collection":[{"href":"https:\/\/www.serbski-institut.de\/os\/wp-json\/wp\/v2\/pages"}],"about":[{"href":"https:\/\/www.serbski-institut.de\/os\/wp-json\/wp\/v2\/types\/page"}],"author":[{"embeddable":true,"href":"https:\/\/www.serbski-institut.de\/os\/wp-json\/wp\/v2\/users\/32"}],"replies":[{"embeddable":true,"href":"https:\/\/www.serbski-institut.de\/os\/wp-json\/wp\/v2\/comments?post=5894"}],"version-history":[{"count":2,"href":"https:\/\/www.serbski-institut.de\/os\/wp-json\/wp\/v2\/pages\/5894\/revisions"}],"predecessor-version":[{"id":7512,"href":"https:\/\/www.serbski-institut.de\/os\/wp-json\/wp\/v2\/pages\/5894\/revisions\/7512"}],"up":[{"embeddable":true,"href":"https:\/\/www.serbski-institut.de\/os\/wp-json\/wp\/v2\/pages\/5888"}],"wp:attachment":[{"href":"https:\/\/www.serbski-institut.de\/os\/wp-json\/wp\/v2\/media?parent=5894"}],"curies":[{"name":"wp","href":"https:\/\/api.w.org\/{rel}","templated":true}]}}