{"id":5899,"date":"2022-02-01T17:01:42","date_gmt":"2022-02-01T16:01:42","guid":{"rendered":"https:\/\/beta.serbski-institut.de\/serbski-kulturny-archiw\/digitalizaty-rukopisow-z-wobstatkow-ska-na-sachsen-digital\/"},"modified":"2024-01-09T14:46:17","modified_gmt":"2024-01-09T13:46:17","slug":"digitalizaty-rukopisow-z-wobstatkow-ska-na-sachsen-digital","status":"publish","type":"page","link":"https:\/\/www.serbski-institut.de\/os\/serbska-centralna-biblioteka\/wirtuelna-citarnja\/digitalizaty-rukopisow-z-wobstatkow-ska-na-sachsen-digital\/","title":{"rendered":"Digitalizaty rukopisow z wobstatkow SKA na Sachsen.digital"},"content":{"rendered":"<p>Digitalizaty historiskich rukopisow z wobstatka Serbskeho kulturneho archiwa poski\u0107a so tu tematisce rjadowane. W\u0161itke digitalizaty nastachu w l. 2016 w Sakskim krajnym digitalizaciskim programje.<\/p>\n<h2>k\u0159es\u0107anska literatura<\/h2>\n<ul>\n<li><a class=\"link_in\" title=\"Lokaler Link Niedersorbische Kirchen-Gesangb\u00fccher\" href=\"https:\/\/www.serbski-institut.de\/bibliothek\/virtueller-lesesaal\/handschriften-als-digitalisat\/niedersorbische-kirchen-gesangbuecher\/\">delnjoserbske sp\u011bwarske<\/a><\/li>\n<li><a href=\"https:\/\/www.serbski-institut.de\/bibliothek\/virtueller-lesesaal\/handschriften-als-digitalisat\/niedersorbische-christliche-literatur-gottesdienst-agenden-katechismus-bibel-uebersetzungen-u-ae\/\">delnjoserbska k\u0159es\u0107anska literatura (agendy, katechismus, p\u0159e\u0142o\u017eki biblije a dr.)<\/a><\/li>\n<li><a href=\"https:\/\/www.serbski-institut.de\/bibliothek\/virtueller-lesesaal\/handschriften-als-digitalisat\/obersorbische-christliche-literatur-gesangbuecher-gebetsammlungen-gottesdienst-agenden-katechismus-u-ae\/\">hornjoserbska k\u0159es\u0107anska literatura (sp\u011bwarske, modlitwy, agendy, katechismus a dr.)<\/a><\/li>\n<\/ul>\n<h2>kulturnohistoriske zb\u011brki a spisy<\/h2>\n<ul>\n<li><a href=\"https:\/\/www.serbski-institut.de\/bibliothek\/virtueller-lesesaal\/handschriften-als-digitalisat\/volkskundlich-literarische-sammlungen-sprichwoerter-lieder-gedichte-u-ae\/\">ludow\u011bdne a literariske zb\u011brki (p\u0159is\u0142owa, sp\u011bwy, basnje a dr.)<\/a><\/li>\n<li><a href=\"https:\/\/www.serbski-institut.de\/bibliothek\/virtueller-lesesaal\/handschriften-als-digitalisat\/serbska-nowina-handschriftliche-zeitung-der-sorbischen-studenten-in-leipzig-sammlung-zur-volkskunde-und-literatur\/\">&#8220;Serbska Nowina&#8221; \u2013 rukopisna nowina serbskich studentow w Lipsku (zb\u011brka ludow\u011bdnych a literarnych tekstow)<\/a><\/li>\n<li><a href=\"https:\/\/www.serbski-institut.de\/bibliothek\/virtueller-lesesaal\/handschriften-als-digitalisat\/kwetki-jahresschrift-des-vereins-sorbischer-theologiestudenten-in-prag-serbowka-1892-1925\/\">&#8220;Serbowka&#8221; \u2013 l\u011btny spis serbskich studentow teologije \/ serbskich studowacych w Praze (1892-1925)<\/a><\/li>\n<li><a href=\"https:\/\/www.serbski-institut.de\/bibliothek\/virtueller-lesesaal\/handschriften-als-digitalisat\/schriften-von-hanzo-nepila-und-hanzo-koncan-aus-rohne\/\">spisy Hanza Nepile a Hanza Ko\u0144cana z Rowneho<\/a><\/li>\n<li><a href=\"https:\/\/www.serbski-institut.de\/bibliothek\/virtueller-lesesaal\/handschriften-als-digitalisat\/quellentexte-zur-geschichte-bautzener-stadtbrand-ponich-pannach-gorjenow-komptendorf\/\">historiske spisy k stawiznam (wohe\u0144 w Budy\u0161inje, Ponich, Gorjenow)<\/a><\/li>\n<\/ul>\n<h2>historiske r\u011b\u010despytne spisy<\/h2>\n<ul>\n<li><a href=\"https:\/\/www.serbski-institut.de\/bibliothek\/virtueller-lesesaal\/handschriften-als-digitalisat\/niedersorbische-woerterbuecher-und-grammatiken\/\">delnjoserbske s\u0142owniki a gramatiki<\/a><\/li>\n<li><a href=\"https:\/\/www.serbski-institut.de\/bibliothek\/virtueller-lesesaal\/handschriften-als-digitalisat\/obersorbisch-deutsche-woerterbuecher\/\">hornjoserbsko-n\u011bmske s\u0142owniki<\/a><\/li>\n<li><a href=\"https:\/\/www.serbski-institut.de\/bibliothek\/virtueller-lesesaal\/handschriften-als-digitalisat\/deutsch-obersorbische-woerterbuecher\/\">n\u011bmsko-hornjoserbske s\u0142owniki<\/a><\/li>\n<li><a href=\"https:\/\/www.serbski-institut.de\/bibliothek\/virtueller-lesesaal\/handschriften-als-digitalisat\/obersorbische-grammatiken\/\">hornjoserbske gramatiki<\/a><\/li>\n<li><a href=\"https:\/\/www.serbski-institut.de\/bibliothek\/virtueller-lesesaal\/handschriften-als-digitalisat\/obersorbische-thematische-woerterverzeichnisse-und-sprachkritik\/\">hornjoserbske tematiske s\u0142owne zb\u011brki a r\u011b\u010dna kritika<\/a><\/li>\n<li><a href=\"https:\/\/www.serbski-institut.de\/bibliothek\/virtueller-lesesaal\/handschriften-als-digitalisat\/naturkundliche-woerterbuecher-von-michal-rostok\/\">p\u0159irodow\u011bdne s\u0142owniki Micha\u0142a Rostoka<\/a><\/li>\n<\/ul>\n","protected":false},"excerpt":{"rendered":"<p>Digitalizaty historiskich rukopisow z wobstatka Serbskeho kulturneho archiwa poski\u0107a so tu tematisce rjadowane. W\u0161itke digitalizaty nastachu w l. 2016 w Sakskim krajnym digitalizaciskim programje. k\u0159es\u0107anska literatura delnjoserbske sp\u011bwarske delnjoserbska k\u0159es\u0107anska literatura (agendy, katechismus, p\u0159e\u0142o\u017eki biblije a dr.) hornjoserbska k\u0159es\u0107anska literatura (sp\u011bwarske, modlitwy, agendy, katechismus a dr.) kulturnohistoriske zb\u011brki a spisy ludow\u011bdne a literariske zb\u011brki (p\u0159is\u0142owa, [&hellip;]<\/p>\n","protected":false},"author":32,"featured_media":0,"parent":5888,"menu_order":0,"comment_status":"closed","ping_status":"closed","template":"","meta":{"_acf_changed":false,"footnotes":""},"class_list":["post-5899","page","type-page","status-publish","hentry"],"acf":[],"_links":{"self":[{"href":"https:\/\/www.serbski-institut.de\/os\/wp-json\/wp\/v2\/pages\/5899","targetHints":{"allow":["GET"]}}],"collection":[{"href":"https:\/\/www.serbski-institut.de\/os\/wp-json\/wp\/v2\/pages"}],"about":[{"href":"https:\/\/www.serbski-institut.de\/os\/wp-json\/wp\/v2\/types\/page"}],"author":[{"embeddable":true,"href":"https:\/\/www.serbski-institut.de\/os\/wp-json\/wp\/v2\/users\/32"}],"replies":[{"embeddable":true,"href":"https:\/\/www.serbski-institut.de\/os\/wp-json\/wp\/v2\/comments?post=5899"}],"version-history":[{"count":3,"href":"https:\/\/www.serbski-institut.de\/os\/wp-json\/wp\/v2\/pages\/5899\/revisions"}],"predecessor-version":[{"id":13890,"href":"https:\/\/www.serbski-institut.de\/os\/wp-json\/wp\/v2\/pages\/5899\/revisions\/13890"}],"up":[{"embeddable":true,"href":"https:\/\/www.serbski-institut.de\/os\/wp-json\/wp\/v2\/pages\/5888"}],"wp:attachment":[{"href":"https:\/\/www.serbski-institut.de\/os\/wp-json\/wp\/v2\/media?parent=5899"}],"curies":[{"name":"wp","href":"https:\/\/api.w.org\/{rel}","templated":true}]}}