{"id":6443,"date":"2022-02-22T15:10:44","date_gmt":"2022-02-22T14:10:44","guid":{"rendered":"https:\/\/beta.serbski-institut.de\/publikacije\/online-publikacije\/wjace-hornjoserbskeho\/serdis\/"},"modified":"2022-03-02T16:18:17","modified_gmt":"2022-03-02T15:18:17","slug":"serdis","status":"publish","type":"page","link":"https:\/\/www.serbski-institut.de\/os\/publikacije\/online-publikacije\/wjace-hornjoserbskeho\/serdis\/","title":{"rendered":"SERDIS"},"content":{"rendered":"<h2>Sorbische digitale W\u00f6rterb\u00fccher<\/h2>\n<p><a href=\"http:\/\/serdis.serbski-institut.de\/\" target=\"_blank\" rel=\"noopener\"><strong>SER<\/strong>BSKE<br \/>\n<strong>DI<\/strong>GITALNE<br \/>\n<strong>S<\/strong>\u0141OWNIKI<\/a><\/p>\n<p>Digitalizowane dwur\u011b\u010dne s\u0142owniki, p\u0159iprawjene za datowu banku k pytanju we wob\u011bmaj r\u011b\u010domaj a za specielnej leksiku.<br \/>\nWobd\u017a\u011b\u0142ar digitalnych wersijow: dr. Jurij Branka\u010dk, Lipsk<br \/>\nPodp\u011brany p\u0159ez Serbski Institut, wotrjad Serbska centralna biblioteka\/Serbski kulturny archiw.<br \/>\nDotal wobd\u017a\u011b\u0142ane (ked\u017abu: w hornim woknje\u0161ku s\u0142ownik a sm\u011br pytanja wuzwoli\u0107):<\/p>\n<ul>\n<li>Hornjoserbsko-n\u011bmski s\u0142ownik K\u0159es\u0107ana Bohuw\u011bra Pfula<\/li>\n<li>Hornjoserbsko-n\u011bmski s\u0142ownik Jurja Krala (1927)<\/li>\n<li>Hornjoserbsko-\u010d\u011bski s\u0142ownik (Franti\u0161ek Mart\u00ednek, 2006\/08)<\/li>\n<li>Hornjoserbsko-ruski s\u0142ownik (Konstantin Trofimowi\u010d 1974)<\/li>\n<li>Serbske rostlinske mjena (Micha\u0142 Rostok, Jan Radyserb Wjela, Matej Urban 1908)<\/li>\n<\/ul>\n","protected":false},"excerpt":{"rendered":"<p>Sorbische digitale W\u00f6rterb\u00fccher SERBSKE DIGITALNE S\u0141OWNIKI Digitalizowane dwur\u011b\u010dne s\u0142owniki, p\u0159iprawjene za datowu banku k pytanju we wob\u011bmaj r\u011b\u010domaj a za specielnej leksiku. Wobd\u017a\u011b\u0142ar digitalnych wersijow: dr. Jurij Branka\u010dk, Lipsk Podp\u011brany p\u0159ez Serbski Institut, wotrjad Serbska centralna biblioteka\/Serbski kulturny archiw. Dotal wobd\u017a\u011b\u0142ane (ked\u017abu: w hornim woknje\u0161ku s\u0142ownik a sm\u011br pytanja wuzwoli\u0107): Hornjoserbsko-n\u011bmski s\u0142ownik K\u0159es\u0107ana Bohuw\u011bra Pfula [&hellip;]<\/p>\n","protected":false},"author":32,"featured_media":0,"parent":5865,"menu_order":0,"comment_status":"closed","ping_status":"closed","template":"","meta":{"_acf_changed":false,"footnotes":""},"class_list":["post-6443","page","type-page","status-publish","hentry"],"acf":[],"_links":{"self":[{"href":"https:\/\/www.serbski-institut.de\/os\/wp-json\/wp\/v2\/pages\/6443","targetHints":{"allow":["GET"]}}],"collection":[{"href":"https:\/\/www.serbski-institut.de\/os\/wp-json\/wp\/v2\/pages"}],"about":[{"href":"https:\/\/www.serbski-institut.de\/os\/wp-json\/wp\/v2\/types\/page"}],"author":[{"embeddable":true,"href":"https:\/\/www.serbski-institut.de\/os\/wp-json\/wp\/v2\/users\/32"}],"replies":[{"embeddable":true,"href":"https:\/\/www.serbski-institut.de\/os\/wp-json\/wp\/v2\/comments?post=6443"}],"version-history":[{"count":2,"href":"https:\/\/www.serbski-institut.de\/os\/wp-json\/wp\/v2\/pages\/6443\/revisions"}],"predecessor-version":[{"id":7051,"href":"https:\/\/www.serbski-institut.de\/os\/wp-json\/wp\/v2\/pages\/6443\/revisions\/7051"}],"up":[{"embeddable":true,"href":"https:\/\/www.serbski-institut.de\/os\/wp-json\/wp\/v2\/pages\/5865"}],"wp:attachment":[{"href":"https:\/\/www.serbski-institut.de\/os\/wp-json\/wp\/v2\/media?parent=6443"}],"curies":[{"name":"wp","href":"https:\/\/api.w.org\/{rel}","templated":true}]}}