{"id":6447,"date":"2022-02-22T15:29:06","date_gmt":"2022-02-22T14:29:06","guid":{"rendered":"https:\/\/beta.serbski-institut.de\/hornjoserbski-tekstowy-korpus-hotko\/"},"modified":"2022-02-22T16:31:18","modified_gmt":"2022-02-22T15:31:18","slug":"hornjoserbski-tekstowy-korpus-hotko","status":"publish","type":"page","link":"https:\/\/www.serbski-institut.de\/os\/publikacije\/online-publikacije\/wjace-hornjoserbskeho\/hornjoserbski-tekstowy-korpus-hotko\/","title":{"rendered":"Hornjoserbski tekstowy korpus HOTKO"},"content":{"rendered":"<p>R\u011b\u010despytny wotrjad Serbskeho instituta poski\u0107a Wam tu nowy online-p\u0159istup k HOrnjoserbskemu Tekstowemu KOrpusej (HOTKO), ki\u017e je so zm\u00f3\u017eni\u0142 p\u0159ez kooperaciju z delnjoserbskej wotno\u017eku Serbskeho instituta w Cho\u0107ebuzu a z techniskej podp\u011bru <a href=\"http:\/\/www.korpus.cz\/\" target=\"_blank\" rel=\"noopener\">\u00dastava \u010cesk\u00e9ho narodn\u00edho korpusa<\/a> Praskeje Karloweje uniwersity.<\/p>\n<p>Kr\u00f3tki nastawk wo korpusu HOTKO namaka\u0107e w \u010dasopisu &#8220;Serbska \u0161ula&#8221; 2013, \u010do 2.<\/p>\n<p>&nbsp;<\/p>\n<p><a href=\"https:\/\/kontext.korpus.cz\/first_form?corpname=hotko_v2\" target=\"_blank\" rel=\"noopener\">Direktny link do korpusa<\/a><\/p>\n<ul>\n<li><a href=\"https:\/\/www.serbski-institut.de\/veroeffentlichung\/online-publikationen\/mehr-obersorbisch\/hornjoserbski-tekstowy-korpus-hotko\/pristup-ke-korpusej-hotko\/\">p\u0159istup ke korpusej<\/a><\/li>\n<li><a href=\"https:\/\/www.serbski-institut.de\/veroeffentlichung\/online-publikationen\/mehr-obersorbisch\/hornjoserbski-tekstowy-korpus-hotko\/informacije-wo-hornjoserbskim-tekstowym-korpusu\/\">informacije wo korpusu<\/a><\/li>\n<li><a href=\"https:\/\/www.serbski-institut.de\/veroeffentlichung\/online-publikationen\/mehr-obersorbisch\/hornjoserbski-tekstowy-korpus-hotko\/pomoc-za-pytanje-w-hotko\/\">pomoc za pytanje w korpusu<\/a><\/li>\n<li><a href=\"https:\/\/www.serbski-institut.de\/veroeffentlichung\/online-publikationen\/mehr-obersorbisch\/hornjoserbski-tekstowy-korpus-hotko\/regularne-wurazy\/\">regularne wurazy<\/a><\/li>\n<li><a href=\"https:\/\/www.serbski-institut.de\/veroeffentlichung\/online-publikationen\/mehr-obersorbisch\/hornjoserbski-tekstowy-korpus-hotko\/prawopisne-warianty\/\">prawopisne warianty<\/a><\/li>\n<\/ul>\n","protected":false},"excerpt":{"rendered":"<p>R\u011b\u010despytny wotrjad Serbskeho instituta poski\u0107a Wam tu nowy online-p\u0159istup k HOrnjoserbskemu Tekstowemu KOrpusej (HOTKO), ki\u017e je so zm\u00f3\u017eni\u0142 p\u0159ez kooperaciju z delnjoserbskej wotno\u017eku Serbskeho instituta w Cho\u0107ebuzu a z techniskej podp\u011bru \u00dastava \u010cesk\u00e9ho narodn\u00edho korpusa Praskeje Karloweje uniwersity. Kr\u00f3tki nastawk wo korpusu HOTKO namaka\u0107e w \u010dasopisu &#8220;Serbska \u0161ula&#8221; 2013, \u010do 2. &nbsp; Direktny link do [&hellip;]<\/p>\n","protected":false},"author":32,"featured_media":0,"parent":5865,"menu_order":0,"comment_status":"closed","ping_status":"closed","template":"","meta":{"_acf_changed":false,"footnotes":""},"class_list":["post-6447","page","type-page","status-publish","hentry"],"acf":[],"_links":{"self":[{"href":"https:\/\/www.serbski-institut.de\/os\/wp-json\/wp\/v2\/pages\/6447","targetHints":{"allow":["GET"]}}],"collection":[{"href":"https:\/\/www.serbski-institut.de\/os\/wp-json\/wp\/v2\/pages"}],"about":[{"href":"https:\/\/www.serbski-institut.de\/os\/wp-json\/wp\/v2\/types\/page"}],"author":[{"embeddable":true,"href":"https:\/\/www.serbski-institut.de\/os\/wp-json\/wp\/v2\/users\/32"}],"replies":[{"embeddable":true,"href":"https:\/\/www.serbski-institut.de\/os\/wp-json\/wp\/v2\/comments?post=6447"}],"version-history":[{"count":1,"href":"https:\/\/www.serbski-institut.de\/os\/wp-json\/wp\/v2\/pages\/6447\/revisions"}],"predecessor-version":[{"id":6527,"href":"https:\/\/www.serbski-institut.de\/os\/wp-json\/wp\/v2\/pages\/6447\/revisions\/6527"}],"up":[{"embeddable":true,"href":"https:\/\/www.serbski-institut.de\/os\/wp-json\/wp\/v2\/pages\/5865"}],"wp:attachment":[{"href":"https:\/\/www.serbski-institut.de\/os\/wp-json\/wp\/v2\/media?parent=6447"}],"curies":[{"name":"wp","href":"https:\/\/api.w.org\/{rel}","templated":true}]}}