{"id":6532,"date":"2022-02-22T16:32:43","date_gmt":"2022-02-22T15:32:43","guid":{"rendered":"https:\/\/beta.serbski-institut.de\/publikacije\/online-publikacije\/wjace-hornjoserbskeho\/hornjoserbski-tekstowy-korpus-hotko\/pomoc-za-pytanje-w-hotko\/"},"modified":"2022-02-22T16:32:43","modified_gmt":"2022-02-22T15:32:43","slug":"pomoc-za-pytanje-w-hotko","status":"publish","type":"page","link":"https:\/\/www.serbski-institut.de\/os\/publikacije\/online-publikacije\/wjace-hornjoserbskeho\/hornjoserbski-tekstowy-korpus-hotko\/pomoc-za-pytanje-w-hotko\/","title":{"rendered":"Pomoc za pytanje w HOTKO"},"content":{"rendered":"<p>Tu podawaja so n\u011bkotre pokiwy za najp\u0159ih\u00f3dni\u0161e nastajenja pytanskeho programa.<\/p>\n<ul>\n<li><strong>Corpus\/Korpus<\/strong> \u2013 tu ma by\u0107 wubrany hotko_v2.<\/li>\n<li><strong>Allow regular expressions\/Povolit regul\u00e1rn\u00ed v\u00fdrazy<\/strong> \u2013 Jeli chce\u0107e z <a href=\"https:\/\/www.serbski-institut.de\/veroeffentlichung\/online-publikationen\/mehr-obersorbisch\/hornjoserbski-tekstowy-korpus-hotko\/regularne-wurazy\/\">regularnymi wurazami<\/a> pyta\u0107, aktiwizuj\u0107e wotpow\u011bdny knefl pod pytanskim woknje\u0161kom.<\/li>\n<li><strong>Specify context\/Specifikovat kontext<\/strong> \u2013 wo\u010dini woknje\u0161ko, w kotrym\u017e m\u00f3\u017ee\u0107e zapoda\u0107 s\u0142owo abo regularny wuraz, kotry\u017e ma resp. nima w konteks\u0107e pytaneho s\u0142owa abo wuraza sta\u0107.<\/li>\n<li><strong>Specify query according to the meta-information\/Specifikovat dotaz podle metainformaci<\/strong> \u2013 wo\u010dini lis\u0107inu, w kotrej\u017e m\u00f3\u017ee\u0107e wubra\u0107 d\u017a\u011ble korpusa za pytanje, jeli chce\u0107e na p\u0159. jeno\u017e w\u011bd\u017ae\u0107 ha\u010d jewi so n\u011bkajke s\u0142owo te\u017e hi\u017eo pola Zejlerja, wuzwoli\u0107e jeho w ka\u0161\u0107iku &#8220;document.author&#8221;.<\/li>\n<\/ul>\n<p>Rezultat napra\u0161owanja je konkordanca (jend\u017a. <strong>Concordance<\/strong>), w kotrej\u017e je pytane s\u0142owo \u010derwjene wuzb\u011bhnjene. N\u011btko m\u00f3\u017ee\u0107e naklikny\u0107 \u010derwjene pytane s\u0142owo, a deleka pokaza so \u0161\u011br\u0161i kontekst. Hdy\u017e pak nakliknje\u0107e m\u00f3dry sigle \u017e\u00f3r\u0142a na l\u011bwej stronje, pokaza so deleka dok\u0142adni\u0161e bibliografiske wopisanje.<\/p>\n<p><strong>Nastajenja za napohlad konkordancy<\/strong><br \/>\nHdy\u017e kliknje\u0107e na <strong>View<\/strong> w meniju, m\u00f3\u017ee\u0107e wubra\u0107 warianty za napohlad rezultatoweho woknje\u0161ka.<\/p>\n<ul>\n<li>Kliknjenje na <strong>KWIC\/Sentence<\/strong> p\u0159e\u0161altuje mjez centr\u011browanym pytanym s\u0142owom a pokazowanjom cy\u0142ych sadow.<\/li>\n<\/ul>\n<p>Hdy\u017e wubjerje\u0107e <strong>Attributes, structures and references<\/strong>, m\u00f3\u017ee\u0107e postaji\u0107 pokazowane metainformacije wo \u017e\u00f3r\u0142owych tekstach.<\/p>\n<ul>\n<li>Tu m\u011b\u0142o pod <strong>References<\/strong> najl\u011bpje nakliknjene by\u0107 &#8220;document.id&#8221;.<\/li>\n<\/ul>\n<p>Hdy\u017e wubjerje\u0107e <strong>General concordance view options<\/strong>, wotewri so meni za nastajenje<\/p>\n<ul>\n<li>li\u010dby naraz pokazowanych p\u0159ik\u0142adowych sadow: <strong>Page size<\/strong>,<\/li>\n<li>wulkos\u0107e konteksta, kotry\u017e so naprawo a nal\u011bwo wot pytaneho s\u0142owa sobu pokaza, jeli steji wone srjed\u017aa: <strong>KWIC Context size<\/strong><\/li>\n<li>H\u00f3\u010dka w delnim ka\u0161\u0107iku (<strong>Shuffle<\/strong>) wuskutkuje p\u0159ipadnje m\u011b\u0161any rezultat, jeli wona njesteji, su p\u0159ik\u0142ady po \u017e\u00f3r\u0142ach rjadowane.<\/li>\n<\/ul>\n","protected":false},"excerpt":{"rendered":"<p>Tu podawaja so n\u011bkotre pokiwy za najp\u0159ih\u00f3dni\u0161e nastajenja pytanskeho programa. Corpus\/Korpus \u2013 tu ma by\u0107 wubrany hotko_v2. Allow regular expressions\/Povolit regul\u00e1rn\u00ed v\u00fdrazy \u2013 Jeli chce\u0107e z regularnymi wurazami pyta\u0107, aktiwizuj\u0107e wotpow\u011bdny knefl pod pytanskim woknje\u0161kom. Specify context\/Specifikovat kontext \u2013 wo\u010dini woknje\u0161ko, w kotrym\u017e m\u00f3\u017ee\u0107e zapoda\u0107 s\u0142owo abo regularny wuraz, kotry\u017e ma resp. nima w konteks\u0107e [&hellip;]<\/p>\n","protected":false},"author":32,"featured_media":0,"parent":6447,"menu_order":0,"comment_status":"closed","ping_status":"closed","template":"","meta":{"_acf_changed":false,"footnotes":""},"class_list":["post-6532","page","type-page","status-publish","hentry"],"acf":[],"_links":{"self":[{"href":"https:\/\/www.serbski-institut.de\/os\/wp-json\/wp\/v2\/pages\/6532","targetHints":{"allow":["GET"]}}],"collection":[{"href":"https:\/\/www.serbski-institut.de\/os\/wp-json\/wp\/v2\/pages"}],"about":[{"href":"https:\/\/www.serbski-institut.de\/os\/wp-json\/wp\/v2\/types\/page"}],"author":[{"embeddable":true,"href":"https:\/\/www.serbski-institut.de\/os\/wp-json\/wp\/v2\/users\/32"}],"replies":[{"embeddable":true,"href":"https:\/\/www.serbski-institut.de\/os\/wp-json\/wp\/v2\/comments?post=6532"}],"version-history":[{"count":0,"href":"https:\/\/www.serbski-institut.de\/os\/wp-json\/wp\/v2\/pages\/6532\/revisions"}],"up":[{"embeddable":true,"href":"https:\/\/www.serbski-institut.de\/os\/wp-json\/wp\/v2\/pages\/6447"}],"wp:attachment":[{"href":"https:\/\/www.serbski-institut.de\/os\/wp-json\/wp\/v2\/media?parent=6532"}],"curies":[{"name":"wp","href":"https:\/\/api.w.org\/{rel}","templated":true}]}}