{"id":6537,"date":"2022-02-22T16:33:28","date_gmt":"2022-02-22T15:33:28","guid":{"rendered":"https:\/\/beta.serbski-institut.de\/publikacije\/online-publikacije\/wjace-hornjoserbskeho\/hornjoserbski-tekstowy-korpus-hotko\/prawopisne-warianty\/"},"modified":"2022-02-22T16:33:28","modified_gmt":"2022-02-22T15:33:28","slug":"prawopisne-warianty","status":"publish","type":"page","link":"https:\/\/www.serbski-institut.de\/os\/publikacije\/online-publikacije\/wjace-hornjoserbskeho\/hornjoserbski-tekstowy-korpus-hotko\/prawopisne-warianty\/","title":{"rendered":"Prawopisne warianty"},"content":{"rendered":"<p>Teksty, kotre\u017e stajimy k dispoziciji, nimaja jednotny prawopis. Wjet\u0161ina drje wotpow\u011bduje (wothladajo wot zmylkow) d\u017aensni\u0161ej ortografiji. Su pak te\u017e star\u0161e teksty, w kotrych\u017e namakaja so w\u0161elake prawopisne warianty. Tu namaka\u0107e tabulku, kotra\u017e dokumentuje najwa\u017eni\u0161e warianty, na kotre\u017e m\u011b\u0142o so p\u0159i pytanju d\u017aiwa\u0107, jeli maja so te\u017e star\u0161e \u017e\u00f3r\u0142a wobked\u017abowa\u0107.<\/p>\n<p>Hlej te\u017e <a href=\"https:\/\/www.serbski-institut.de\/veroeffentlichung\/online-publikationen\/mehr-obersorbisch\/hornjoserbski-tekstowy-korpus-hotko\/regularne-wurazy\/\">regularne wurazy<\/a>.<\/p>\n","protected":false},"excerpt":{"rendered":"<p>Teksty, kotre\u017e stajimy k dispoziciji, nimaja jednotny prawopis. Wjet\u0161ina drje wotpow\u011bduje (wothladajo wot zmylkow) d\u017aensni\u0161ej ortografiji. Su pak te\u017e star\u0161e teksty, w kotrych\u017e namakaja so w\u0161elake prawopisne warianty. Tu namaka\u0107e tabulku, kotra\u017e dokumentuje najwa\u017eni\u0161e warianty, na kotre\u017e m\u011b\u0142o so p\u0159i pytanju d\u017aiwa\u0107, jeli maja so te\u017e star\u0161e \u017e\u00f3r\u0142a wobked\u017abowa\u0107. Hlej te\u017e regularne wurazy.<\/p>\n","protected":false},"author":32,"featured_media":0,"parent":6447,"menu_order":0,"comment_status":"closed","ping_status":"closed","template":"","meta":{"_acf_changed":false,"footnotes":""},"class_list":["post-6537","page","type-page","status-publish","hentry"],"acf":[],"_links":{"self":[{"href":"https:\/\/www.serbski-institut.de\/os\/wp-json\/wp\/v2\/pages\/6537","targetHints":{"allow":["GET"]}}],"collection":[{"href":"https:\/\/www.serbski-institut.de\/os\/wp-json\/wp\/v2\/pages"}],"about":[{"href":"https:\/\/www.serbski-institut.de\/os\/wp-json\/wp\/v2\/types\/page"}],"author":[{"embeddable":true,"href":"https:\/\/www.serbski-institut.de\/os\/wp-json\/wp\/v2\/users\/32"}],"replies":[{"embeddable":true,"href":"https:\/\/www.serbski-institut.de\/os\/wp-json\/wp\/v2\/comments?post=6537"}],"version-history":[{"count":0,"href":"https:\/\/www.serbski-institut.de\/os\/wp-json\/wp\/v2\/pages\/6537\/revisions"}],"up":[{"embeddable":true,"href":"https:\/\/www.serbski-institut.de\/os\/wp-json\/wp\/v2\/pages\/6447"}],"wp:attachment":[{"href":"https:\/\/www.serbski-institut.de\/os\/wp-json\/wp\/v2\/media?parent=6537"}],"curies":[{"name":"wp","href":"https:\/\/api.w.org\/{rel}","templated":true}]}}