{"id":6637,"date":"2022-02-23T16:09:48","date_gmt":"2022-02-23T15:09:48","guid":{"rendered":"https:\/\/beta.serbski-institut.de\/publikacije\/online-publikacije\/datowa-banka-geografiskich-eksonymow\/"},"modified":"2024-01-23T09:17:46","modified_gmt":"2024-01-23T08:17:46","slug":"datowa-banka-geografiskich-eksonymow","status":"publish","type":"page","link":"https:\/\/www.serbski-institut.de\/os\/publikacije\/online-publikacije\/datowa-banka-geografiskich-eksonymow\/","title":{"rendered":"Datowa banka geografiskich eksonymow"},"content":{"rendered":"<p>Geografiske eksonymy su mjena geografiskich objektow (na p\u0159ik\u0142ad r\u011bkow, horow, krajowych mjenow, krajinow) zwonka serbskeje \u0141u\u017eicy. Materialowa zb\u011brka bazuje h\u0142ownje na wupiskach z wu\u010dbnicow za geografiju 5. do 10. l\u011btnika ka\u017e te\u017e ze s\u0142ownikow, mjez druhim z \u201eN\u011bmsko-hornjoserbskeho s\u0142ownika noweje leksiki\u201c, a na napra\u0161owanjach.<br \/>\nProjekt je nasta\u0142 w kooperaciji z <a href=\"https:\/\/www.witaj-sprachzentrum.de\/obersorbisch\/\" target=\"_blank\" rel=\"noopener\">R\u011b\u010dnym centrumom WITAJ<\/a>.<\/p>\n<ul>\n<li><a href=\"https:\/\/www.serbski-institut.de\/veroeffentlichung\/online-publikationen\/geographische-namen-obersorbisch\/weitere-informationen\/#anker_1\">Za koho je datowa banka?<\/a><\/li>\n<li><a href=\"https:\/\/www.serbski-institut.de\/veroeffentlichung\/online-publikationen\/geographische-namen-obersorbisch\/weitere-informationen\/#anker_2\">Natwar datoweje banki<\/a><\/li>\n<li><a href=\"https:\/\/www.serbski-institut.de\/veroeffentlichung\/online-publikationen\/geographische-namen-obersorbisch\/weitere-informationen\/#anker_3\">Zasady zeserb\u0161\u0107enja<\/a><\/li>\n<li><a href=\"https:\/\/www.serbski-institut.de\/veroeffentlichung\/online-publikationen\/geographische-namen-obersorbisch\/weitere-informationen\/#anker_4\">Perspektiwa<\/a><\/li>\n<\/ul>\n<p>Kontakt: <a href=\"https:\/\/www.serbski-institut.de\/mitarbeiter\/dr-anja-pohontsch\/\">dr. Anja Pohon\u010dowa<\/a><\/p>\n\n<div class=\"card\">\n\t<div class=\"card-body\">\n\t\t<form method=\"post\">\n\t\t\t<div class=\"row mb-3\">\n\t\t\t\t<label class=\"col-md-3 col-form-label\">sm\u011br pytanja<\/label>\n\t\t\t\t<div class=\"col-md-9\">\n\t\t\t\t\t<div class=\"form-check\">\n\t\t  \t\t\t\t<input class=\"form-check-input\" type=\"radio\" name=\"dbsearchtype\" id=\"dbsearchtype_2\" value=\"2\" checked>\n\t\t  \t\t\t\t<label class=\"form-check-label\" for=\"dbsearchtype_2\">n\u011bmsko-hornjoserbsce<\/label>\n\t\t\t\t\t<\/div>\n\t\t\t\t\t<div class=\"form-check\">\n\t\t  \t\t\t\t<input class=\"form-check-input\" type=\"radio\" name=\"dbsearchtype\" id=\"dbsearchtype_1\" value=\"1\" >\n\t\t  \t\t\t\t<label class=\"form-check-label\" for=\"dbsearchtype_1\">hornjoserbsko-n\u011bmsce<\/label>\n\t\t\t\t\t<\/div>\n\t\t\t\t<\/div>\n\t\t\t<\/div>\n\t\t\t<div class=\"row mb-3\">\n\t\t\t\t<label for=\"dbsearch\" class=\"col-md-3 col-form-label\">hes\u0142o<\/label>\n\t\t\t\t<div class=\"col-md-9\">\n\t\t\t\t\t<input type=\"text\" id=\"dbsearch\" name=\"dbsearch\" placeholder=\"hes\u0142o\" class=\"form-control\" value=\"\" \/>\n\t\t\t\t<\/div>\n\t\t\t<\/div>\n\t\t\t<div class=\"row\">\n\t\t    \t<div class=\"col-md-9 offset-md-3\">\n\t\t    \t\t<input type=\"hidden\" name=\"search\" value=\"1\" \/>\n\t\t        \t<button type=\"submit\" class=\"btn btn-outline-primary\">pytanje<\/button>\n\t\t        <\/div>\n\t\t    <\/div>\n\t\t<\/form>\n\t<\/div>\n<\/div>\n","protected":false},"excerpt":{"rendered":"<p>Geografiske eksonymy su mjena geografiskich objektow (na p\u0159ik\u0142ad r\u011bkow, horow, krajowych mjenow, krajinow) zwonka serbskeje \u0141u\u017eicy. Materialowa zb\u011brka bazuje h\u0142ownje na wupiskach z wu\u010dbnicow za geografiju 5. do 10. l\u011btnika ka\u017e te\u017e ze s\u0142ownikow, mjez druhim z \u201eN\u011bmsko-hornjoserbskeho s\u0142ownika noweje leksiki\u201c, a na napra\u0161owanjach. Projekt je nasta\u0142 w kooperaciji z R\u011b\u010dnym centrumom WITAJ. Za koho [&hellip;]<\/p>\n","protected":false},"author":32,"featured_media":0,"parent":5868,"menu_order":0,"comment_status":"closed","ping_status":"closed","template":"","meta":{"_acf_changed":false,"footnotes":""},"class_list":["post-6637","page","type-page","status-publish","hentry"],"acf":[],"_links":{"self":[{"href":"https:\/\/www.serbski-institut.de\/os\/wp-json\/wp\/v2\/pages\/6637","targetHints":{"allow":["GET"]}}],"collection":[{"href":"https:\/\/www.serbski-institut.de\/os\/wp-json\/wp\/v2\/pages"}],"about":[{"href":"https:\/\/www.serbski-institut.de\/os\/wp-json\/wp\/v2\/types\/page"}],"author":[{"embeddable":true,"href":"https:\/\/www.serbski-institut.de\/os\/wp-json\/wp\/v2\/users\/32"}],"replies":[{"embeddable":true,"href":"https:\/\/www.serbski-institut.de\/os\/wp-json\/wp\/v2\/comments?post=6637"}],"version-history":[{"count":1,"href":"https:\/\/www.serbski-institut.de\/os\/wp-json\/wp\/v2\/pages\/6637\/revisions"}],"predecessor-version":[{"id":8569,"href":"https:\/\/www.serbski-institut.de\/os\/wp-json\/wp\/v2\/pages\/6637\/revisions\/8569"}],"up":[{"embeddable":true,"href":"https:\/\/www.serbski-institut.de\/os\/wp-json\/wp\/v2\/pages\/5868"}],"wp:attachment":[{"href":"https:\/\/www.serbski-institut.de\/os\/wp-json\/wp\/v2\/media?parent=6637"}],"curies":[{"name":"wp","href":"https:\/\/api.w.org\/{rel}","templated":true}]}}