{"id":7082,"date":"2022-03-04T11:03:53","date_gmt":"2022-03-04T10:03:53","guid":{"rendered":"https:\/\/www.serbski-institut.de\/medije\/"},"modified":"2026-03-19T14:57:25","modified_gmt":"2026-03-19T13:57:25","slug":"medije","status":"publish","type":"page","link":"https:\/\/www.serbski-institut.de\/os\/medije\/","title":{"rendered":"Medije"},"content":{"rendered":"<p>Aktualne informacije, terminy a wupisanja namaka\u0107e w rubrice <a href=\"https:\/\/www.serbski-institut.de\/os\/aktualne\/\">&#8220;Aktualne&#8221;<\/a>.<\/p>\n<h2>Nar\u011b\u010denska wosoba<\/h2>\n<p><a href=\"https:\/\/www.serbski-institut.de\/mitarbeiter\/madlen-domaschke\/\">Madlen Doma\u0161cyna<\/a><br \/>\nreferentka za w\u011bdomostnu komunikaciju a zjawnostne d\u017a\u011b\u0142o<br \/>\nTel. +49 3591 4972-54<br \/>\n<a href=\"mai&#108;&#116;&#111;&#58;&#x70;&#x72;&#x65;&#x73;&#x73;&#x65;&#x40;ser&#98;&#115;&#107;&#105;&#45;&#x69;&#x6e;&#x73;&#x74;&#x69;&#x74;ut&#46;d&#101;\">presse&#64;serbs&#107;&#105;&#45;&#105;&#110;&#115;&#116;&#105;&#116;&#117;&#116;&#46;&#100;&#101;<\/a><\/p>\n","protected":false},"excerpt":{"rendered":"<p>Aktualne informacije, terminy a wupisanja namaka\u0107e w rubrice &#8220;Aktualne&#8221;. Nar\u011b\u010denska wosoba Madlen Doma\u0161cyna referentka za w\u011bdomostnu komunikaciju a zjawnostne d\u017a\u011b\u0142o Tel. +49 3591 4972-54 p&#114;&#101;&#x73;&#x73;&#x65;&#64;&#115;&#101;&#x72;&#x62;&#x73;ki&#45;&#x69;&#x6e;&#x73;ti&#116;&#117;&#x74;&#x2e;&#x64;e<\/p>\n","protected":false},"author":6,"featured_media":0,"parent":0,"menu_order":0,"comment_status":"closed","ping_status":"closed","template":"archive-mediendatenbank.php","meta":{"_acf_changed":false,"footnotes":""},"class_list":["post-7082","page","type-page","status-publish","hentry"],"acf":[],"_links":{"self":[{"href":"https:\/\/www.serbski-institut.de\/os\/wp-json\/wp\/v2\/pages\/7082","targetHints":{"allow":["GET"]}}],"collection":[{"href":"https:\/\/www.serbski-institut.de\/os\/wp-json\/wp\/v2\/pages"}],"about":[{"href":"https:\/\/www.serbski-institut.de\/os\/wp-json\/wp\/v2\/types\/page"}],"author":[{"embeddable":true,"href":"https:\/\/www.serbski-institut.de\/os\/wp-json\/wp\/v2\/users\/6"}],"replies":[{"embeddable":true,"href":"https:\/\/www.serbski-institut.de\/os\/wp-json\/wp\/v2\/comments?post=7082"}],"version-history":[{"count":4,"href":"https:\/\/www.serbski-institut.de\/os\/wp-json\/wp\/v2\/pages\/7082\/revisions"}],"predecessor-version":[{"id":252245,"href":"https:\/\/www.serbski-institut.de\/os\/wp-json\/wp\/v2\/pages\/7082\/revisions\/252245"}],"wp:attachment":[{"href":"https:\/\/www.serbski-institut.de\/os\/wp-json\/wp\/v2\/media?parent=7082"}],"curies":[{"name":"wp","href":"https:\/\/api.w.org\/{rel}","templated":true}]}}