{"id":7171,"date":"2022-03-07T15:10:42","date_gmt":"2022-03-07T14:10:42","guid":{"rendered":"https:\/\/www.serbski-institut.de\/newsletter\/wobkrucenje-za-wokolnik\/"},"modified":"2022-03-07T15:10:48","modified_gmt":"2022-03-07T14:10:48","slug":"wobkrucenje-za-wokolnik","status":"publish","type":"page","link":"https:\/\/www.serbski-institut.de\/os\/newsletter\/wobkrucenje-za-wokolnik\/","title":{"rendered":"Wobkru\u0107enje za Wokolnik"},"content":{"rendered":"<p>D\u017aakujemy so za Wa\u0161e wobkru\u0107enje p\u0159izjewjenja za Wokolnik.<\/p>\n<p>&nbsp;<\/p>\n<p>[mailpoet_page]<\/p>\n","protected":false},"excerpt":{"rendered":"<p>D\u017aakujemy so za Wa\u0161e wobkru\u0107enje p\u0159izjewjenja za Wokolnik. &nbsp; [mailpoet_page]<\/p>\n","protected":false},"author":32,"featured_media":0,"parent":3296,"menu_order":0,"comment_status":"closed","ping_status":"closed","template":"","meta":{"_acf_changed":false,"footnotes":""},"class_list":["post-7171","page","type-page","status-publish","hentry"],"acf":[],"_links":{"self":[{"href":"https:\/\/www.serbski-institut.de\/os\/wp-json\/wp\/v2\/pages\/7171","targetHints":{"allow":["GET"]}}],"collection":[{"href":"https:\/\/www.serbski-institut.de\/os\/wp-json\/wp\/v2\/pages"}],"about":[{"href":"https:\/\/www.serbski-institut.de\/os\/wp-json\/wp\/v2\/types\/page"}],"author":[{"embeddable":true,"href":"https:\/\/www.serbski-institut.de\/os\/wp-json\/wp\/v2\/users\/32"}],"replies":[{"embeddable":true,"href":"https:\/\/www.serbski-institut.de\/os\/wp-json\/wp\/v2\/comments?post=7171"}],"version-history":[{"count":1,"href":"https:\/\/www.serbski-institut.de\/os\/wp-json\/wp\/v2\/pages\/7171\/revisions"}],"predecessor-version":[{"id":7172,"href":"https:\/\/www.serbski-institut.de\/os\/wp-json\/wp\/v2\/pages\/7171\/revisions\/7172"}],"up":[{"embeddable":true,"href":"https:\/\/www.serbski-institut.de\/os\/wp-json\/wp\/v2\/pages\/3296"}],"wp:attachment":[{"href":"https:\/\/www.serbski-institut.de\/os\/wp-json\/wp\/v2\/media?parent=7171"}],"curies":[{"name":"wp","href":"https:\/\/api.w.org\/{rel}","templated":true}]}}