{"id":7174,"date":"2022-03-07T15:14:18","date_gmt":"2022-03-07T14:14:18","guid":{"rendered":"https:\/\/www.serbski-institut.de\/sledzenje\/recespyt\/sledzerske-cezisco-leksikografija-a-leksikologija-delnjo-a-hornjoserbsciny\/"},"modified":"2022-03-07T15:14:18","modified_gmt":"2022-03-07T14:14:18","slug":"sledzerske-cezisco-leksikografija-a-leksikologija-delnjo-a-hornjoserbsciny","status":"publish","type":"page","link":"https:\/\/www.serbski-institut.de\/os\/sledzenje\/recespyt\/sledzerske-cezisco-leksikografija-a-leksikologija-delnjo-a-hornjoserbsciny\/","title":{"rendered":"Sl\u011bd\u017aerske \u0107e\u017ei\u0161\u0107o \u201eLeksikografija a leksikologija delnjo- a hornjoserb\u0161\u0107iny\u201c"},"content":{"rendered":"","protected":false},"excerpt":{"rendered":"","protected":false},"author":32,"featured_media":0,"parent":3088,"menu_order":0,"comment_status":"closed","ping_status":"closed","template":"archive-projekte_sw.php","meta":{"_acf_changed":false,"footnotes":""},"class_list":["post-7174","page","type-page","status-publish","hentry"],"acf":[],"_links":{"self":[{"href":"https:\/\/www.serbski-institut.de\/os\/wp-json\/wp\/v2\/pages\/7174","targetHints":{"allow":["GET"]}}],"collection":[{"href":"https:\/\/www.serbski-institut.de\/os\/wp-json\/wp\/v2\/pages"}],"about":[{"href":"https:\/\/www.serbski-institut.de\/os\/wp-json\/wp\/v2\/types\/page"}],"author":[{"embeddable":true,"href":"https:\/\/www.serbski-institut.de\/os\/wp-json\/wp\/v2\/users\/32"}],"replies":[{"embeddable":true,"href":"https:\/\/www.serbski-institut.de\/os\/wp-json\/wp\/v2\/comments?post=7174"}],"version-history":[{"count":0,"href":"https:\/\/www.serbski-institut.de\/os\/wp-json\/wp\/v2\/pages\/7174\/revisions"}],"up":[{"embeddable":true,"href":"https:\/\/www.serbski-institut.de\/os\/wp-json\/wp\/v2\/pages\/3088"}],"wp:attachment":[{"href":"https:\/\/www.serbski-institut.de\/os\/wp-json\/wp\/v2\/media?parent=7174"}],"curies":[{"name":"wp","href":"https:\/\/api.w.org\/{rel}","templated":true}]}}