{"id":7176,"date":"2022-03-07T15:16:30","date_gmt":"2022-03-07T14:16:30","guid":{"rendered":"https:\/\/www.serbski-institut.de\/sledzenje\/recespyt\/dzelowe-polo-delnjo-a-hornjoserbske-recne-daty-zberanje-prihotowanje-a-spristupnjenje\/"},"modified":"2022-03-09T14:39:39","modified_gmt":"2022-03-09T13:39:39","slug":"dzelowe-polo-delnjo-a-hornjoserbske-recne-daty-zberanje-prihotowanje-a-spristupnjenje","status":"publish","type":"page","link":"https:\/\/www.serbski-institut.de\/os\/sledzenje\/recespyt\/dzelowe-polo-delnjo-a-hornjoserbske-recne-daty-zberanje-prihotowanje-a-spristupnjenje\/","title":{"rendered":"D\u017a\u011b\u0142owe polo \u201eDelnjo- a hornjoserbske r\u011b\u010dne daty \u2013 zb\u011branje, p\u0159ihotowanje a sp\u0159istupnjenje\u201c"},"content":{"rendered":"","protected":false},"excerpt":{"rendered":"","protected":false},"author":32,"featured_media":0,"parent":3088,"menu_order":0,"comment_status":"closed","ping_status":"closed","template":"archive-projekte_sw.php","meta":{"_acf_changed":false,"footnotes":""},"class_list":["post-7176","page","type-page","status-publish","hentry"],"acf":[],"_links":{"self":[{"href":"https:\/\/www.serbski-institut.de\/os\/wp-json\/wp\/v2\/pages\/7176","targetHints":{"allow":["GET"]}}],"collection":[{"href":"https:\/\/www.serbski-institut.de\/os\/wp-json\/wp\/v2\/pages"}],"about":[{"href":"https:\/\/www.serbski-institut.de\/os\/wp-json\/wp\/v2\/types\/page"}],"author":[{"embeddable":true,"href":"https:\/\/www.serbski-institut.de\/os\/wp-json\/wp\/v2\/users\/32"}],"replies":[{"embeddable":true,"href":"https:\/\/www.serbski-institut.de\/os\/wp-json\/wp\/v2\/comments?post=7176"}],"version-history":[{"count":1,"href":"https:\/\/www.serbski-institut.de\/os\/wp-json\/wp\/v2\/pages\/7176\/revisions"}],"predecessor-version":[{"id":7326,"href":"https:\/\/www.serbski-institut.de\/os\/wp-json\/wp\/v2\/pages\/7176\/revisions\/7326"}],"up":[{"embeddable":true,"href":"https:\/\/www.serbski-institut.de\/os\/wp-json\/wp\/v2\/pages\/3088"}],"wp:attachment":[{"href":"https:\/\/www.serbski-institut.de\/os\/wp-json\/wp\/v2\/media?parent=7176"}],"curies":[{"name":"wp","href":"https:\/\/api.w.org\/{rel}","templated":true}]}}