{"id":7178,"date":"2022-03-07T15:18:01","date_gmt":"2022-03-07T14:18:01","guid":{"rendered":"https:\/\/www.serbski-institut.de\/sledzenje\/recespyt\/dzelowe-polo-wedomostne-posluzby-a-na-praksu-wusmerjene-predewzaca\/"},"modified":"2022-03-07T15:18:01","modified_gmt":"2022-03-07T14:18:01","slug":"dzelowe-polo-wedomostne-posluzby-a-na-praksu-wusmerjene-predewzaca","status":"publish","type":"page","link":"https:\/\/www.serbski-institut.de\/os\/sledzenje\/recespyt\/dzelowe-polo-wedomostne-posluzby-a-na-praksu-wusmerjene-predewzaca\/","title":{"rendered":"D\u017a\u011b\u0142owe polo \u201eW\u011bdomostne pos\u0142u\u017eby a na praksu wusm\u011brjene p\u0159edewza\u0107a\u201c"},"content":{"rendered":"","protected":false},"excerpt":{"rendered":"","protected":false},"author":32,"featured_media":0,"parent":3088,"menu_order":0,"comment_status":"closed","ping_status":"closed","template":"archive-projekte_sw.php","meta":{"_acf_changed":false,"footnotes":""},"class_list":["post-7178","page","type-page","status-publish","hentry"],"acf":[],"_links":{"self":[{"href":"https:\/\/www.serbski-institut.de\/os\/wp-json\/wp\/v2\/pages\/7178","targetHints":{"allow":["GET"]}}],"collection":[{"href":"https:\/\/www.serbski-institut.de\/os\/wp-json\/wp\/v2\/pages"}],"about":[{"href":"https:\/\/www.serbski-institut.de\/os\/wp-json\/wp\/v2\/types\/page"}],"author":[{"embeddable":true,"href":"https:\/\/www.serbski-institut.de\/os\/wp-json\/wp\/v2\/users\/32"}],"replies":[{"embeddable":true,"href":"https:\/\/www.serbski-institut.de\/os\/wp-json\/wp\/v2\/comments?post=7178"}],"version-history":[{"count":0,"href":"https:\/\/www.serbski-institut.de\/os\/wp-json\/wp\/v2\/pages\/7178\/revisions"}],"up":[{"embeddable":true,"href":"https:\/\/www.serbski-institut.de\/os\/wp-json\/wp\/v2\/pages\/3088"}],"wp:attachment":[{"href":"https:\/\/www.serbski-institut.de\/os\/wp-json\/wp\/v2\/media?parent=7178"}],"curies":[{"name":"wp","href":"https:\/\/api.w.org\/{rel}","templated":true}]}}