{"id":7180,"date":"2022-03-07T15:20:50","date_gmt":"2022-03-07T14:20:50","guid":{"rendered":"https:\/\/www.serbski-institut.de\/sledzenje\/recespyt\/jednotliwe-projekty-dalsich-dzelowych-woblukow\/"},"modified":"2022-03-09T10:38:31","modified_gmt":"2022-03-09T09:38:31","slug":"jednotliwe-projekty-dalsich-dzelowych-woblukow","status":"publish","type":"page","link":"https:\/\/www.serbski-institut.de\/os\/sledzenje\/recespyt\/jednotliwe-projekty-dalsich-dzelowych-woblukow\/","title":{"rendered":"Jednotliwe projekty dal\u0161ich d\u017a\u011b\u0142owych wob\u0142ukow"},"content":{"rendered":"","protected":false},"excerpt":{"rendered":"","protected":false},"author":32,"featured_media":0,"parent":3088,"menu_order":0,"comment_status":"closed","ping_status":"closed","template":"archive-projekte_sw.php","meta":{"_acf_changed":false,"footnotes":""},"class_list":["post-7180","page","type-page","status-publish","hentry"],"acf":[],"_links":{"self":[{"href":"https:\/\/www.serbski-institut.de\/os\/wp-json\/wp\/v2\/pages\/7180","targetHints":{"allow":["GET"]}}],"collection":[{"href":"https:\/\/www.serbski-institut.de\/os\/wp-json\/wp\/v2\/pages"}],"about":[{"href":"https:\/\/www.serbski-institut.de\/os\/wp-json\/wp\/v2\/types\/page"}],"author":[{"embeddable":true,"href":"https:\/\/www.serbski-institut.de\/os\/wp-json\/wp\/v2\/users\/32"}],"replies":[{"embeddable":true,"href":"https:\/\/www.serbski-institut.de\/os\/wp-json\/wp\/v2\/comments?post=7180"}],"version-history":[{"count":1,"href":"https:\/\/www.serbski-institut.de\/os\/wp-json\/wp\/v2\/pages\/7180\/revisions"}],"predecessor-version":[{"id":7299,"href":"https:\/\/www.serbski-institut.de\/os\/wp-json\/wp\/v2\/pages\/7180\/revisions\/7299"}],"up":[{"embeddable":true,"href":"https:\/\/www.serbski-institut.de\/os\/wp-json\/wp\/v2\/pages\/3088"}],"wp:attachment":[{"href":"https:\/\/www.serbski-institut.de\/os\/wp-json\/wp\/v2\/media?parent=7180"}],"curies":[{"name":"wp","href":"https:\/\/api.w.org\/{rel}","templated":true}]}}