{"id":9113,"date":"2022-08-01T10:56:55","date_gmt":"2022-08-01T08:56:55","guid":{"rendered":"https:\/\/www.serbski-institut.de\/serbski-institut\/sledzerski-praktikum\/"},"modified":"2026-01-15T11:10:41","modified_gmt":"2026-01-15T10:10:41","slug":"sledzerski-praktikum","status":"publish","type":"page","link":"https:\/\/www.serbski-institut.de\/os\/serbski-institut\/poskitki\/sledzerski-praktikum\/","title":{"rendered":"(Sl\u011bd\u017aerski) praktikum"},"content":{"rendered":"<p>Serbski institut poski\u0107a m\u011bstna za praktikum we w\u0161\u011bch d\u017a\u011b\u0142owych wob\u0142ukach instituta (<a href=\"https:\/\/www.serbski-institut.de\/forschung\/\">sl\u011bd\u017aerske wotrjady<\/a>, <a href=\"\/?page_id=8294\">centralna biblioteka<\/a>, <a href=\"https:\/\/www.serbski-institut.de\/sorbisches-kulturarchiv\/\">kulturny archiw<\/a>, w\u011bdomostna komunikacija, zjawnostne d\u017a\u011b\u0142o) na wob\u011bmaj steji\u0161\u0107omaj instituta &#8211; w Budy\u0161inje a Cho\u0107ebuzu.<\/p>\n<p>Nar\u011b\u010dane su p\u0159edew\u0161\u011bm studowacy na polu stawiznow, kulturnych a socialnych w\u011bdomos\u0107ow, r\u011b\u010despyta, bibliotekskich a informaciskich w\u011bdomos\u0107ow ka\u017e te\u017e na polu digital humanities a podobnych p\u0159edmjetow. Wuchad\u017aejo z wosobinskich znajomos\u0107ow a zajimow poski\u0107a Serbski institut wjelestronske a wotm\u011bnjace polo nadawkow we wob\u0142ukach sl\u011bd\u017aenja, projektoweho managementa, w\u011bdomostneje komunikacije a zjawnostneho d\u017a\u011b\u0142a.<\/p>\n<p>Wot po\u017eadarjow\/po\u017eadarkow wo\u010dakuje so zajim za d\u017a\u011b\u0142owe pola Serbskeho instituta. Znajomos\u0107e serb\u0161\u0107iny abo druhich s\u0142owjanskich r\u011b\u010dow su witane, tola njejsu z wum\u011bnjenjom. Wo\u010dakuja Was anga\u017eowany team a putace nazhonjenja w j\u00f3nkr\u00f3tnej interdisciplinarnej d\u017a\u011b\u0142owej wokolinje.<\/p>\n<p>Praktika w Serbskim institu\u0107e so njep\u0142a\u0107a. \u010casowy wobjim a d\u017a\u011b\u0142owe \u010dasy m\u00f3\u017ea so indiwidualnje dojedna\u0107.<\/p>\n","protected":false},"excerpt":{"rendered":"<p>Serbski institut poski\u0107a m\u011bstna za praktikum we w\u0161\u011bch d\u017a\u011b\u0142owych wob\u0142ukach instituta (sl\u011bd\u017aerske wotrjady, centralna biblioteka, kulturny archiw, w\u011bdomostna komunikacija, zjawnostne d\u017a\u011b\u0142o) na wob\u011bmaj steji\u0161\u0107omaj instituta &#8211; w Budy\u0161inje a Cho\u0107ebuzu. Nar\u011b\u010dane su p\u0159edew\u0161\u011bm studowacy na polu stawiznow, kulturnych a socialnych w\u011bdomos\u0107ow, r\u011b\u010despyta, bibliotekskich a informaciskich w\u011bdomos\u0107ow ka\u017e te\u017e na polu digital humanities a podobnych p\u0159edmjetow. [&hellip;]<\/p>\n","protected":false},"author":5,"featured_media":0,"parent":3103,"menu_order":10,"comment_status":"closed","ping_status":"closed","template":"","meta":{"_acf_changed":false,"footnotes":""},"class_list":["post-9113","page","type-page","status-publish","hentry"],"acf":[],"_links":{"self":[{"href":"https:\/\/www.serbski-institut.de\/os\/wp-json\/wp\/v2\/pages\/9113","targetHints":{"allow":["GET"]}}],"collection":[{"href":"https:\/\/www.serbski-institut.de\/os\/wp-json\/wp\/v2\/pages"}],"about":[{"href":"https:\/\/www.serbski-institut.de\/os\/wp-json\/wp\/v2\/types\/page"}],"author":[{"embeddable":true,"href":"https:\/\/www.serbski-institut.de\/os\/wp-json\/wp\/v2\/users\/5"}],"replies":[{"embeddable":true,"href":"https:\/\/www.serbski-institut.de\/os\/wp-json\/wp\/v2\/comments?post=9113"}],"version-history":[{"count":1,"href":"https:\/\/www.serbski-institut.de\/os\/wp-json\/wp\/v2\/pages\/9113\/revisions"}],"predecessor-version":[{"id":9123,"href":"https:\/\/www.serbski-institut.de\/os\/wp-json\/wp\/v2\/pages\/9113\/revisions\/9123"}],"up":[{"embeddable":true,"href":"https:\/\/www.serbski-institut.de\/os\/wp-json\/wp\/v2\/pages\/3103"}],"wp:attachment":[{"href":"https:\/\/www.serbski-institut.de\/os\/wp-json\/wp\/v2\/media?parent=9113"}],"curies":[{"name":"wp","href":"https:\/\/api.w.org\/{rel}","templated":true}]}}