{"id":9131,"date":"2022-08-01T14:46:54","date_gmt":"2022-08-01T12:46:54","guid":{"rendered":"https:\/\/www.serbski-institut.de\/sledzenje\/syce\/zetkanja-syce-mlodych-akademikarjow-sorabistow\/"},"modified":"2025-07-01T15:14:30","modified_gmt":"2025-07-01T13:14:30","slug":"zetkanja-syce-mlodych-akademikarjow-sorabistow","status":"publish","type":"page","link":"https:\/\/www.serbski-institut.de\/os\/sledzenje\/kwalifikacija\/zetkanja-syce-mlodych-akademikarjow-sorabistow\/","title":{"rendered":"Zetkanja sy\u0107e m\u0142odych akademikarjow-sorabistow"},"content":{"rendered":"<p>Dwul\u011btnje p\u0159epro\u0161uje Serbski institut w\u011bdomostny dorost na wum\u011bnu. W srjed\u017ai\u0161\u0107u zetkanja stejitej interdisciplinarna wum\u011bna a mjezsobne zezna\u0107e sl\u011bd\u017aerkow a sl\u011bd\u017aerjow, kot\u0159i\u017e so ze Serbami pod regionalnym abo specifisko-tematiskim widom zab\u011braja resp. tajke d\u017a\u011b\u0142o planuja.<\/p>\n<p>Zetkanje ski\u0107a wobd\u017a\u011blnicam a wobd\u017a\u011blnikam sk\u0142adnos\u0107, sw\u00f3jske sl\u011bd\u017aenja p\u0159edstaji\u0107 a diskutowa\u0107. Witane su p\u0159ino\u0161ki z w\u0161elakich w\u011bdomostnych p\u0159edmjetow, ka\u017e z r\u011b\u010despyta, kulturnych w\u011bdomos\u0107ow a stawiznow runje tak ka\u017e transdisciplinarne p\u0159edewza\u0107a z p\u0159irunowacych mje\u0144\u0161inowych sl\u011bd\u017aenjow abo z wob\u0142uka digital humanities. Nimo toho maja zetkanja k tomu p\u0159ino\u0161owa\u0107, wo sebjezrozumjenju interdisciplinarneje sorabistiskeje sy\u0107e rozmyslowa\u0107.<\/p>\n<p>Call for papers za p\u0159ichodne ze\u0144d\u017aenje so s\u010dasom na tutym m\u011bstnje wozjewi. Zajimowane dorostowe w\u011bdomostnicy a w\u011bdomostniki sm\u011bd\u017aa so z jich pra\u0161enjami w\u011bzo w k\u00f3\u017edym \u010dasu na Serbski institut wobro\u0107i\u0107.<\/p>\n<h3>Zhladowanja na dotalne zetkanja<\/h3>\n<p>2.\/3.5.2025 &#8211; <a href=\"https:\/\/www.serbski-institut.de\/os\/sorabistiski-akademiski-dorost\/\">5. zetkanje sorabistiskeho akademiskeho dorosta<\/a>, Budy\u0161in<br \/>\n30.6.\/1.7.2023 &#8211; <a href=\"https:\/\/www.serbski-institut.de\/4-jungakademisches-netzwerktreffen-sorabistischer-forschung\/\">4. zetkanje dorostowych sorabistow<\/a>, Budy\u0161in<br \/>\n27.-29.5.2021 \u2013 <a href=\"https:\/\/www.serbski-institut.de\/3-jungakademisches-netzwerktreffen-sorabistischer-forschung-bautzen\/\">3. zetkanje dorostowych sorabistow<\/a>, digitalnje<br \/>\n14.-16.6.2019 \u2013 <a href=\"https:\/\/www.serbski-institut.de\/2-sorabistisches-nachwuchsforschertreffen\/\">2. zetkanje dorostowych sorabistow<\/a>, Budy\u0161in<br \/>\n9.-11.6.2017 \u2013 <a href=\"https:\/\/www.serbski-institut.de\/os\/1-sorabistisches-nachwuchsforschertreffen\/\">1. zetkanje dorostowych sorabistow<\/a>, Budy\u0161in<\/p>\n","protected":false},"excerpt":{"rendered":"<p>Dwul\u011btnje p\u0159epro\u0161uje Serbski institut w\u011bdomostny dorost na wum\u011bnu. W srjed\u017ai\u0161\u0107u zetkanja stejitej interdisciplinarna wum\u011bna a mjezsobne zezna\u0107e sl\u011bd\u017aerkow a sl\u011bd\u017aerjow, kot\u0159i\u017e so ze Serbami pod regionalnym abo specifisko-tematiskim widom zab\u011braja resp. tajke d\u017a\u011b\u0142o planuja. Zetkanje ski\u0107a wobd\u017a\u011blnicam a wobd\u017a\u011blnikam sk\u0142adnos\u0107, sw\u00f3jske sl\u011bd\u017aenja p\u0159edstaji\u0107 a diskutowa\u0107. Witane su p\u0159ino\u0161ki z w\u0161elakich w\u011bdomostnych p\u0159edmjetow, ka\u017e z r\u011b\u010despyta, [&hellip;]<\/p>\n","protected":false},"author":12,"featured_media":0,"parent":9130,"menu_order":0,"comment_status":"closed","ping_status":"closed","template":"","meta":{"_acf_changed":false,"footnotes":""},"class_list":["post-9131","page","type-page","status-publish","hentry"],"acf":[],"_links":{"self":[{"href":"https:\/\/www.serbski-institut.de\/os\/wp-json\/wp\/v2\/pages\/9131","targetHints":{"allow":["GET"]}}],"collection":[{"href":"https:\/\/www.serbski-institut.de\/os\/wp-json\/wp\/v2\/pages"}],"about":[{"href":"https:\/\/www.serbski-institut.de\/os\/wp-json\/wp\/v2\/types\/page"}],"author":[{"embeddable":true,"href":"https:\/\/www.serbski-institut.de\/os\/wp-json\/wp\/v2\/users\/12"}],"replies":[{"embeddable":true,"href":"https:\/\/www.serbski-institut.de\/os\/wp-json\/wp\/v2\/comments?post=9131"}],"version-history":[{"count":10,"href":"https:\/\/www.serbski-institut.de\/os\/wp-json\/wp\/v2\/pages\/9131\/revisions"}],"predecessor-version":[{"id":248357,"href":"https:\/\/www.serbski-institut.de\/os\/wp-json\/wp\/v2\/pages\/9131\/revisions\/248357"}],"up":[{"embeddable":true,"href":"https:\/\/www.serbski-institut.de\/os\/wp-json\/wp\/v2\/pages\/9130"}],"wp:attachment":[{"href":"https:\/\/www.serbski-institut.de\/os\/wp-json\/wp\/v2\/media?parent=9131"}],"curies":[{"name":"wp","href":"https:\/\/api.w.org\/{rel}","templated":true}]}}